{"id":6780,"date":"2019-12-17T14:10:05","date_gmt":"2019-12-17T13:10:05","guid":{"rendered":"http:\/\/www.igb2b.ch\/?page_id=6780"},"modified":"2025-10-07T17:20:44","modified_gmt":"2025-10-07T15:20:44","slug":"ecohub-2-2","status":"publish","type":"page","link":"https:\/\/www.igb2b.ch\/it\/ecohub-2-2\/","title":{"rendered":"EcoHub"},"content":{"rendered":"<p><div class=\"fusion-fullwidth fullwidth-box fusion-builder-row-1 nonhundred-percent-fullwidth non-hundred-percent-height-scrolling\" style=\"--awb-border-radius-top-left:0px;--awb-border-radius-top-right:0px;--awb-border-radius-bottom-right:0px;--awb-border-radius-bottom-left:0px;--awb-flex-wrap:wrap;\" ><div class=\"fusion-builder-row fusion-row\"><div class=\"fusion-layout-column fusion_builder_column fusion-builder-column-0 fusion_builder_column_1_1 1_1 fusion-one-full fusion-column-first fusion-column-last\" style=\"--awb-bg-size:cover;--awb-margin-bottom:0px;\"><div class=\"fusion-column-wrapper fusion-flex-column-wrapper-legacy\"><div class=\"fusion-title title fusion-title-1 fusion-sep-none fusion-title-center fusion-title-text fusion-title-size-one\"><h1 class=\"fusion-title-heading title-heading-center\" style=\"margin:0;\"><span style=\"font-size: 36pt;\">A propos d&#8217;EcoHub<\/span><\/h1><\/div><div class=\"fusion-builder-row fusion-builder-row-inner fusion-row\"><div class=\"fusion-layout-column fusion_builder_column_inner fusion-builder-nested-column-0 fusion_builder_column_inner_1_5 1_5 fusion-one-fifth fusion-column-first\" style=\"--awb-bg-size:cover;width:20%;width:calc(20% - ( ( 4% + 4% ) * 0.2 ) );margin-right: 4%;\"><div class=\"fusion-column-wrapper fusion-column-has-shadow fusion-flex-column-wrapper-legacy\"><div class=\"fusion-clearfix\"><\/div><\/div><\/div><div class=\"fusion-layout-column fusion_builder_column_inner fusion-builder-nested-column-1 fusion_builder_column_inner_3_5 3_5 fusion-three-fifth\" style=\"--awb-bg-size:cover;width:60%;width:calc(60% - ( ( 4% + 4% ) * 0.6 ) );margin-right: 4%;\"><div class=\"fusion-column-wrapper fusion-column-has-shadow fusion-flex-column-wrapper-legacy\"><div class=\"fusion-text fusion-text-1\"><p>EcoHub est une plateforme en ligne interactive et une place de march\u00e9 digitale pour le march\u00e9 suisse de la pr\u00e9voyance, de l\u2019assurance et des brokers. Tous les acteurs du march\u00e9 forment une communaut\u00e9 ouverte, ils peuvent utiliser les services num\u00e9riques d\u2019autres fournisseurs, proposer leurs propres solutions et contribuer ainsi \u00e0 concevoir l\u2019offre. Les tiers ind\u00e9pendants ont \u00e9galement la possibilit\u00e9 de faire partie de la communaut\u00e9 et de proposer leurs services. IG B2B d\u00e9veloppe et anime EcoHub et met \u00e0 disposition les services existants sur la nouvelle plate-forme.<\/p>\n<\/div><p>\u00a0<\/p><div class=\"fusion-clearfix\"><\/div><\/div><\/div><div class=\"fusion-layout-column fusion_builder_column_inner fusion-builder-nested-column-2 fusion_builder_column_inner_1_5 1_5 fusion-one-fifth fusion-column-last\" style=\"--awb-bg-size:cover;width:20%;width:calc(20% - ( ( 4% + 4% ) * 0.2 ) );\"><div class=\"fusion-column-wrapper fusion-column-has-shadow fusion-flex-column-wrapper-legacy\"><div class=\"fusion-clearfix\"><\/div><\/div><\/div><\/div><p>\u00a0<\/p><p>\u00a0<\/p><div class=\"fusion-title title fusion-title-2 fusion-sep-none fusion-title-center fusion-title-text fusion-title-size-one\"><h1 class=\"fusion-title-heading title-heading-center\" style=\"margin:0;\"><span style=\"font-size: 24pt;\">Pourquoi EcoHub<\/span><\/h1><\/div><p>\u00a0<\/p><div class=\"fusion-builder-row fusion-builder-row-inner fusion-row\"><div class=\"fusion-layout-column fusion_builder_column_inner fusion-builder-nested-column-3 fusion_builder_column_inner_1_5 1_5 fusion-one-fifth fusion-column-first\" style=\"--awb-bg-size:cover;width:20%;width:calc(20% - ( ( 4% + 4% ) * 0.2 ) );margin-right: 4%;\"><div class=\"fusion-column-wrapper fusion-column-has-shadow fusion-flex-column-wrapper-legacy\"><div class=\"fusion-clearfix\"><\/div><\/div><\/div><div class=\"fusion-layout-column fusion_builder_column_inner fusion-builder-nested-column-4 fusion_builder_column_inner_3_5 3_5 fusion-three-fifth\" style=\"--awb-bg-size:cover;width:60%;width:calc(60% - ( ( 4% + 4% ) * 0.6 ) );margin-right: 4%;\"><div class=\"fusion-column-wrapper fusion-column-has-shadow fusion-flex-column-wrapper-legacy\"><div class=\"fusion-text fusion-text-2\"><p>La digitalisation du march\u00e9 suisse de l\u2019assurance repr\u00e9sente une opportunit\u00e9 importante pour tous les acteurs du march\u00e9. Mais elle comporte \u00e9galement des risques. Le manque de ressources et de connaissances ralentit le processus, le risque li\u00e9 \u00e0 l\u2019investissement est \u00e9lev\u00e9 pour les entreprises individuelles. Avec EcoHub, la branche concentre ses forces et aborde ensemble l\u2019avenir digital.<\/p>\n<\/div><p>\u00a0<\/p><div class=\"fusion-clearfix\"><\/div><\/div><\/div><div class=\"fusion-layout-column fusion_builder_column_inner fusion-builder-nested-column-5 fusion_builder_column_inner_1_5 1_5 fusion-one-fifth fusion-column-last\" style=\"--awb-bg-size:cover;width:20%;width:calc(20% - ( ( 4% + 4% ) * 0.2 ) );\"><div class=\"fusion-column-wrapper fusion-column-has-shadow fusion-flex-column-wrapper-legacy\"><div class=\"fusion-clearfix\"><\/div><\/div><\/div><\/div><p>\u00a0<\/p><div class=\"fusion-title title fusion-title-3 fusion-sep-none fusion-title-center fusion-title-text fusion-title-size-one\"><h1 class=\"fusion-title-heading title-heading-center\" style=\"margin:0;\"><span style=\"font-size: 24pt;\">Utilit\u00e9<\/span><\/h1><\/div><div class=\"fusion-builder-row fusion-builder-row-inner fusion-row\"><div class=\"fusion-layout-column fusion_builder_column_inner fusion-builder-nested-column-6 fusion_builder_column_inner_1_5 1_5 fusion-one-fifth fusion-column-first\" style=\"--awb-bg-size:cover;width:20%;width:calc(20% - ( ( 4% + 4% ) * 0.2 ) );margin-right: 4%;\"><div class=\"fusion-column-wrapper fusion-column-has-shadow fusion-flex-column-wrapper-legacy\"><div class=\"fusion-clearfix\"><\/div><\/div><\/div><div class=\"fusion-layout-column fusion_builder_column_inner fusion-builder-nested-column-7 fusion_builder_column_inner_3_5 3_5 fusion-three-fifth\" style=\"--awb-bg-size:cover;width:60%;width:calc(60% - ( ( 4% + 4% ) * 0.6 ) );margin-right: 4%;\"><div class=\"fusion-column-wrapper fusion-column-has-shadow fusion-flex-column-wrapper-legacy\"><div class=\"accordian fusion-accordian\" style=\"--awb-border-size:1px;--awb-icon-size:13px;--awb-content-font-size:18px;--awb-icon-alignment:left;--awb-hover-color:#f9f9f9;--awb-border-color:#cccccc;--awb-background-color:#ffffff;--awb-divider-color:#e0dede;--awb-divider-hover-color:#e0dede;--awb-icon-color:#ffffff;--awb-title-color:#333333;--awb-content-color:#333333;--awb-icon-box-color:#333333;--awb-toggle-hover-accent-color:#f41000;--awb-title-font-family:&quot;Nunito&quot;;--awb-title-font-weight:600;--awb-title-font-style:normal;--awb-content-font-family:&quot;Nunito&quot;;--awb-content-font-style:normal;--awb-content-font-weight:400;\"><div class=\"panel-group fusion-toggle-icon-boxed\" id=\"accordion-6780-1\"><div class=\"fusion-panel panel-default panel-312974ed338df040b fusion-toggle-has-divider\"><div class=\"panel-heading\"><h4 class=\"panel-title toggle\" id=\"toggle_312974ed338df040b\"><a aria-expanded=\"false\" aria-controls=\"312974ed338df040b\" role=\"button\" data-toggle=\"collapse\" data-target=\"#312974ed338df040b\" href=\"#312974ed338df040b\"><span class=\"fusion-toggle-icon-wrapper\" aria-hidden=\"true\"><i class=\"fa-fusion-box active-icon awb-icon-minus\" aria-hidden=\"true\"><\/i><i class=\"fa-fusion-box inactive-icon awb-icon-plus\" aria-hidden=\"true\"><\/i><\/span><span class=\"fusion-toggle-heading\">Pour le march\u00e9<\/span><\/a><\/h4><\/div><div id=\"312974ed338df040b\" class=\"panel-collapse collapse \" aria-labelledby=\"toggle_312974ed338df040b\"><div class=\"panel-body toggle-content fusion-clearfix\">\n<ul>\n<li>EcoHub facilite l\u2019acc\u00e8s de tous les acteurs du march\u00e9 aux technologies et aux services les plus r\u00e9cents.<\/li>\n<li>Les acteurs du march\u00e9 peuvent profiter des chances de la digitalisation en fonction de leurs besoins et \u00e9conomiser des frais de d\u00e9veloppement.<\/li>\n<\/ul>\n<\/div><\/div><\/div><div class=\"fusion-panel panel-default panel-7171f32a668716732 fusion-toggle-has-divider\"><div class=\"panel-heading\"><h4 class=\"panel-title toggle\" id=\"toggle_7171f32a668716732\"><a aria-expanded=\"false\" aria-controls=\"7171f32a668716732\" role=\"button\" data-toggle=\"collapse\" data-target=\"#7171f32a668716732\" href=\"#7171f32a668716732\"><span class=\"fusion-toggle-icon-wrapper\" aria-hidden=\"true\"><i class=\"fa-fusion-box active-icon awb-icon-minus\" aria-hidden=\"true\"><\/i><i class=\"fa-fusion-box inactive-icon awb-icon-plus\" aria-hidden=\"true\"><\/i><\/span><span class=\"fusion-toggle-heading\">Pour tous les acteurs du march\u00e9 <\/span><\/a><\/h4><\/div><div id=\"7171f32a668716732\" class=\"panel-collapse collapse \" aria-labelledby=\"toggle_7171f32a668716732\"><div class=\"panel-body toggle-content fusion-clearfix\">\n<ul>\n<li>L\u2019acc\u00e8s aux services digitaux des autres permet aux acteurs du march\u00e9 de plus se concentrer sur leur activit\u00e9 principale.<\/li>\n<li>En proposant leurs propres services num\u00e9riques sur EcoHub, les acteurs du march\u00e9 ont la possibilit\u00e9 de d\u00e9gager une nouvelle source de revenus.<\/li>\n<\/ul>\n<\/div><\/div><\/div><div class=\"fusion-panel panel-default panel-80ed0e3afdb384f6f fusion-toggle-has-divider\"><div class=\"panel-heading\"><h4 class=\"panel-title toggle\" id=\"toggle_80ed0e3afdb384f6f\"><a aria-expanded=\"false\" aria-controls=\"80ed0e3afdb384f6f\" role=\"button\" data-toggle=\"collapse\" data-target=\"#80ed0e3afdb384f6f\" href=\"#80ed0e3afdb384f6f\"><span class=\"fusion-toggle-icon-wrapper\" aria-hidden=\"true\"><i class=\"fa-fusion-box active-icon awb-icon-minus\" aria-hidden=\"true\"><\/i><i class=\"fa-fusion-box inactive-icon awb-icon-plus\" aria-hidden=\"true\"><\/i><\/span><span class=\"fusion-toggle-heading\">Pour les assureurs<\/span><\/a><\/h4><\/div><div id=\"80ed0e3afdb384f6f\" class=\"panel-collapse collapse \" aria-labelledby=\"toggle_80ed0e3afdb384f6f\"><div class=\"panel-body toggle-content fusion-clearfix\">\n<ul>\n<li>Gr\u00e2ce aux services digitaux qui ont d\u00e9j\u00e0 fait leurs preuves, il reste plus de temps pour le d\u00e9veloppement de nouveaux produits ainsi que le service \u00e0 la client\u00e8le.<\/li>\n<\/ul>\n<\/div><\/div><\/div><div class=\"fusion-panel panel-default panel-2115f122eea60d9c4 fusion-toggle-has-divider\" style=\"--awb-title-color:#333333;--awb-content-color:#333333;\"><div class=\"panel-heading\"><h4 class=\"panel-title toggle\" id=\"toggle_2115f122eea60d9c4\"><a aria-expanded=\"false\" aria-controls=\"2115f122eea60d9c4\" role=\"button\" data-toggle=\"collapse\" data-target=\"#2115f122eea60d9c4\" href=\"#2115f122eea60d9c4\"><span class=\"fusion-toggle-icon-wrapper\" aria-hidden=\"true\"><i class=\"fa-fusion-box active-icon awb-icon-minus\" aria-hidden=\"true\"><\/i><i class=\"fa-fusion-box inactive-icon awb-icon-plus\" aria-hidden=\"true\"><\/i><\/span><span class=\"fusion-toggle-heading\">Pour les interm\u00e9diaires d'assurance<\/span><\/a><\/h4><\/div><div id=\"2115f122eea60d9c4\" class=\"panel-collapse collapse \" aria-labelledby=\"toggle_2115f122eea60d9c4\"><div class=\"panel-body toggle-content fusion-clearfix\">\n<ul>\n<li>EcoHub donne acc\u00e8s \u00e0 une large gamme de services digitaux qui peuvent \u00eatre facilement int\u00e9gr\u00e9s dans le processus de travail.<\/li>\n<\/ul>\n<\/div><\/div><\/div><div class=\"fusion-panel panel-default panel-d3857019e5f65d9b9 fusion-toggle-has-divider\"><div class=\"panel-heading\"><h4 class=\"panel-title toggle\" id=\"toggle_d3857019e5f65d9b9\"><a aria-expanded=\"false\" aria-controls=\"d3857019e5f65d9b9\" role=\"button\" data-toggle=\"collapse\" data-target=\"#d3857019e5f65d9b9\" href=\"#d3857019e5f65d9b9\"><span class=\"fusion-toggle-icon-wrapper\" aria-hidden=\"true\"><i class=\"fa-fusion-box active-icon awb-icon-minus\" aria-hidden=\"true\"><\/i><i class=\"fa-fusion-box inactive-icon awb-icon-plus\" aria-hidden=\"true\"><\/i><\/span><span class=\"fusion-toggle-heading\">Pour les fabricants de logiciels<\/span><\/a><\/h4><\/div><div id=\"d3857019e5f65d9b9\" class=\"panel-collapse collapse \" aria-labelledby=\"toggle_d3857019e5f65d9b9\"><div class=\"panel-body toggle-content fusion-clearfix\">\n<ul>\n<li>L\u2019\u00e9cosyst\u00e8me digital offre la possibilit\u00e9 d\u2019am\u00e9liorer et de proposer ses propres solutions.<\/li>\n<\/ul>\n<\/div><\/div><\/div><\/div><\/div><div class=\"fusion-clearfix\"><\/div><\/div><\/div><div class=\"fusion-layout-column fusion_builder_column_inner fusion-builder-nested-column-8 fusion_builder_column_inner_1_5 1_5 fusion-one-fifth fusion-column-last\" style=\"--awb-bg-size:cover;width:20%;width:calc(20% - ( ( 4% + 4% ) * 0.2 ) );\"><div class=\"fusion-column-wrapper fusion-column-has-shadow fusion-flex-column-wrapper-legacy\"><div class=\"fusion-clearfix\"><\/div><\/div><\/div><\/div><p>\u00a0<\/p><div class=\"fusion-title title fusion-title-4 fusion-sep-none fusion-title-center fusion-title-text fusion-title-size-one\"><h1 class=\"fusion-title-heading title-heading-center\" style=\"margin:0;\"><span style=\"font-size: 24pt;\">Mise en oeuvre<\/span><\/h1><\/div><div class=\"fusion-builder-row fusion-builder-row-inner fusion-row\"><div class=\"fusion-layout-column fusion_builder_column_inner fusion-builder-nested-column-9 fusion_builder_column_inner_1_5 1_5 fusion-one-fifth fusion-column-first\" style=\"--awb-bg-size:cover;width:20%;width:calc(20% - ( ( 4% + 4% ) * 0.2 ) );margin-right: 4%;\"><div class=\"fusion-column-wrapper fusion-column-has-shadow fusion-flex-column-wrapper-legacy\"><div class=\"fusion-clearfix\"><\/div><\/div><\/div><div class=\"fusion-layout-column fusion_builder_column_inner fusion-builder-nested-column-10 fusion_builder_column_inner_3_5 3_5 fusion-three-fifth\" style=\"--awb-bg-size:cover;width:60%;width:calc(60% - ( ( 4% + 4% ) * 0.6 ) );margin-right: 4%;\"><div class=\"fusion-column-wrapper fusion-column-has-shadow fusion-flex-column-wrapper-legacy\"><div class=\"accordian fusion-accordian\" style=\"--awb-border-size:1px;--awb-icon-size:13px;--awb-content-font-size:18px;--awb-icon-alignment:left;--awb-hover-color:#f9f9f9;--awb-border-color:#cccccc;--awb-background-color:#ffffff;--awb-divider-color:#e0dede;--awb-divider-hover-color:#e0dede;--awb-icon-color:#ffffff;--awb-title-color:#333333;--awb-content-color:#333333;--awb-icon-box-color:#333333;--awb-toggle-hover-accent-color:#f41000;--awb-title-font-family:&quot;Nunito&quot;;--awb-title-font-weight:600;--awb-title-font-style:normal;--awb-content-font-family:&quot;Nunito&quot;;--awb-content-font-style:normal;--awb-content-font-weight:400;\"><div class=\"panel-group fusion-toggle-icon-boxed\" id=\"accordion-6780-2\"><div class=\"fusion-panel panel-default panel-686e5e20cf7ecf901 fusion-toggle-has-divider\"><div class=\"panel-heading\"><h4 class=\"panel-title toggle\" id=\"toggle_686e5e20cf7ecf901\"><a aria-expanded=\"false\" aria-controls=\"686e5e20cf7ecf901\" role=\"button\" data-toggle=\"collapse\" data-target=\"#686e5e20cf7ecf901\" href=\"#686e5e20cf7ecf901\"><span class=\"fusion-toggle-icon-wrapper\" aria-hidden=\"true\"><i class=\"fa-fusion-box active-icon awb-icon-minus\" aria-hidden=\"true\"><\/i><i class=\"fa-fusion-box inactive-icon awb-icon-plus\" aria-hidden=\"true\"><\/i><\/span><span class=\"fusion-toggle-heading\">Utiliser des services<\/span><\/a><\/h4><\/div><div id=\"686e5e20cf7ecf901\" class=\"panel-collapse collapse \" aria-labelledby=\"toggle_686e5e20cf7ecf901\"><div class=\"panel-body toggle-content fusion-clearfix\">\n<p>Les services mis \u00e0 disposition sur EcoHub aident \u00e0 optimiser les processus. Ils peuvent \u00eatre combin\u00e9s entre eux et int\u00e9gr\u00e9s individuellement dans les processus existants ou ils peuvent \u00eatre compil\u00e9s pour en faire des solutions enti\u00e8rement nouvelles.<\/p>\n<p>EcoHub met les services \u00e0 disposition \u00e0 travers une API REST publi\u00e9e et livre les moyens d\u2019aide n\u00e9cessaires pour une int\u00e9gration rapide. Le r\u00e9sultat final est livr\u00e9 si possible en format JSON. Les frais de base pour l\u2019infrastructure sont assum\u00e9s en commun par tous les acteurs du march\u00e9. Les frais relatifs \u00e0 l\u2019utilisation sont factur\u00e9s par IG\u00a0B2B en fonction de l\u2019utilisation effective.<\/p>\n<\/div><\/div><\/div><div class=\"fusion-panel panel-default panel-f0d1cd00045436313 fusion-toggle-has-divider\"><div class=\"panel-heading\"><h4 class=\"panel-title toggle\" id=\"toggle_f0d1cd00045436313\"><a aria-expanded=\"false\" aria-controls=\"f0d1cd00045436313\" role=\"button\" data-toggle=\"collapse\" data-target=\"#f0d1cd00045436313\" href=\"#f0d1cd00045436313\"><span class=\"fusion-toggle-icon-wrapper\" aria-hidden=\"true\"><i class=\"fa-fusion-box active-icon awb-icon-minus\" aria-hidden=\"true\"><\/i><i class=\"fa-fusion-box inactive-icon awb-icon-plus\" aria-hidden=\"true\"><\/i><\/span><span class=\"fusion-toggle-heading\">Proposer des services<\/span><\/a><\/h4><\/div><div id=\"f0d1cd00045436313\" class=\"panel-collapse collapse \" aria-labelledby=\"toggle_f0d1cd00045436313\"><div class=\"panel-body toggle-content fusion-clearfix\">\n<p>Chaque nouveau service et chaque service existant est soumis \u00e0 un processus de certification afin d\u2019assurer que les exigences en mati\u00e8re d\u2019utilit\u00e9 et de qualit\u00e9 soient remplies. Les services propos\u00e9s sur EcoHub sont h\u00e9berg\u00e9s par Microsoft\u00a0Azure et d\u00e9velopp\u00e9s sous forme d\u2019application sans serveur. Une partie des recettes provenant des services propos\u00e9s est revers\u00e9e au fournisseur.<\/p>\n<\/div><\/div><\/div><\/div><\/div><div class=\"fusion-clearfix\"><\/div><\/div><\/div><div class=\"fusion-layout-column fusion_builder_column_inner fusion-builder-nested-column-11 fusion_builder_column_inner_1_5 1_5 fusion-one-fifth fusion-column-last\" style=\"--awb-bg-size:cover;width:20%;width:calc(20% - ( ( 4% + 4% ) * 0.2 ) );\"><div class=\"fusion-column-wrapper fusion-column-has-shadow fusion-flex-column-wrapper-legacy\"><div class=\"fusion-clearfix\"><\/div><\/div><\/div><\/div><p>\u00a0<\/p><div class=\"fusion-title title fusion-title-5 fusion-sep-none fusion-title-center fusion-title-text fusion-title-size-one\"><h1 class=\"fusion-title-heading title-heading-center\" style=\"margin:0;\"><span style=\"font-size: 24pt;\">T\u00e9l\u00e9chargements<\/span><\/h1><\/div><div class=\"fusion-builder-row fusion-builder-row-inner fusion-row\"><div class=\"fusion-layout-column fusion_builder_column_inner fusion-builder-nested-column-12 fusion_builder_column_inner_1_5 1_5 fusion-one-fifth fusion-column-first\" style=\"--awb-bg-size:cover;width:20%;width:calc(20% - ( ( 4% + 4% ) * 0.2 ) );margin-right: 4%;\"><div class=\"fusion-column-wrapper fusion-column-has-shadow fusion-flex-column-wrapper-legacy\"><div class=\"fusion-clearfix\"><\/div><\/div><\/div><div class=\"fusion-layout-column fusion_builder_column_inner fusion-builder-nested-column-13 fusion_builder_column_inner_3_5 3_5 fusion-three-fifth\" style=\"--awb-bg-size:cover;width:60%;width:calc(60% - ( ( 4% + 4% ) * 0.6 ) );margin-right: 4%;\"><div class=\"fusion-column-wrapper fusion-column-has-shadow fusion-flex-column-wrapper-legacy\"><div class=\"fusion-text fusion-text-3\"><p>Vous souhaitez obtenir de plus amples informations concernant la plateforme en ligne<\/p>\n<p style=\"text-align: center;\">[wpfd_category id=&#8221;130&#8243;]<\/p>\n<\/div><p>\u00a0<\/p><div class=\"fusion-clearfix\"><\/div><\/div><\/div><div class=\"fusion-layout-column fusion_builder_column_inner fusion-builder-nested-column-14 fusion_builder_column_inner_1_5 1_5 fusion-one-fifth fusion-column-last\" style=\"--awb-bg-size:cover;width:20%;width:calc(20% - ( ( 4% + 4% ) * 0.2 ) );\"><div class=\"fusion-column-wrapper fusion-column-has-shadow fusion-flex-column-wrapper-legacy\"><div class=\"fusion-clearfix\"><\/div><\/div><\/div><\/div><p>\u00a0<\/p><div class=\"fusion-title title fusion-title-6 fusion-sep-none fusion-title-center fusion-title-text fusion-title-size-one\"><h1 class=\"fusion-title-heading title-heading-center\" style=\"margin:0;\"><span style=\"font-size: 24pt;\">D&#8217;autres questions<\/span><\/p><\/h1><\/div><div class=\"fusion-builder-row fusion-builder-row-inner fusion-row\"><div class=\"fusion-layout-column fusion_builder_column_inner fusion-builder-nested-column-15 fusion_builder_column_inner_1_5 1_5 fusion-one-fifth fusion-column-first\" style=\"--awb-bg-size:cover;width:20%;width:calc(20% - ( ( 4% + 4% ) * 0.2 ) );margin-right: 4%;\"><div class=\"fusion-column-wrapper fusion-column-has-shadow fusion-flex-column-wrapper-legacy\"><div class=\"fusion-clearfix\"><\/div><\/div><\/div><div class=\"fusion-layout-column fusion_builder_column_inner fusion-builder-nested-column-16 fusion_builder_column_inner_3_5 3_5 fusion-three-fifth\" style=\"--awb-bg-size:cover;width:60%;width:calc(60% - ( ( 4% + 4% ) * 0.6 ) );margin-right: 4%;\"><div class=\"fusion-column-wrapper fusion-column-has-shadow fusion-flex-column-wrapper-legacy\"><div class=\"fusion-text fusion-text-4\"><p>Nous avons rassembl\u00e9 les questions les plus fr\u00e9quentes et y avons r\u00e9pondu.<\/p>\n<p>Consultez notre FAQ.<\/p>\n<\/div><p>\u00a0<\/p><div class=\"fusion-aligncenter\"><a class=\"fusion-button button-flat fusion-button-default-size button-custom fusion-button-default button-1 fusion-button-default-span fusion-button-default-type\" style=\"--button_accent_color:#ffffff;--button_accent_hover_color:#ffffff;--button_border_hover_color:#ffffff;--button_gradient_top_color:#e2001a;--button_gradient_bottom_color:#e2001a;--button_gradient_top_color_hover:#f0021d;--button_gradient_bottom_color_hover:#f0021d;\" target=\"_self\" href=\"#\"><span class=\"fusion-button-text awb-button__text awb-button__text--default\">Zu den FAQ<\/span><\/a><\/div><div class=\"fusion-clearfix\"><\/div><\/div><\/div><div class=\"fusion-layout-column fusion_builder_column_inner fusion-builder-nested-column-17 fusion_builder_column_inner_1_5 1_5 fusion-one-fifth fusion-column-last\" style=\"--awb-bg-size:cover;width:20%;width:calc(20% - ( ( 4% + 4% ) * 0.2 ) );\"><div class=\"fusion-column-wrapper fusion-column-has-shadow fusion-flex-column-wrapper-legacy\"><div class=\"fusion-clearfix\"><\/div><\/div><\/div><\/div><div class=\"fusion-clearfix\"><\/div><\/div><\/div><\/div><\/div><div class=\"fusion-fullwidth fullwidth-box fusion-builder-row-2 nonhundred-percent-fullwidth non-hundred-percent-height-scrolling\" style=\"--awb-border-radius-top-left:0px;--awb-border-radius-top-right:0px;--awb-border-radius-bottom-right:0px;--awb-border-radius-bottom-left:0px;--awb-flex-wrap:wrap;\" ><\/div><\/p>\n","protected":false},"excerpt":{"rendered":"","protected":false},"author":14,"featured_media":0,"parent":0,"menu_order":0,"comment_status":"closed","ping_status":"closed","template":"","meta":{"footnotes":""},"class_list":["post-6780","page","type-page","status-publish","hentry","floatton-article"],"aioseo_notices":[],"_links":{"self":[{"href":"https:\/\/www.igb2b.ch\/it\/wp-json\/wp\/v2\/pages\/6780","targetHints":{"allow":["GET"]}}],"collection":[{"href":"https:\/\/www.igb2b.ch\/it\/wp-json\/wp\/v2\/pages"}],"about":[{"href":"https:\/\/www.igb2b.ch\/it\/wp-json\/wp\/v2\/types\/page"}],"author":[{"embeddable":true,"href":"https:\/\/www.igb2b.ch\/it\/wp-json\/wp\/v2\/users\/14"}],"replies":[{"embeddable":true,"href":"https:\/\/www.igb2b.ch\/it\/wp-json\/wp\/v2\/comments?post=6780"}],"version-history":[{"count":0,"href":"https:\/\/www.igb2b.ch\/it\/wp-json\/wp\/v2\/pages\/6780\/revisions"}],"wp:attachment":[{"href":"https:\/\/www.igb2b.ch\/it\/wp-json\/wp\/v2\/media?parent=6780"}],"curies":[{"name":"wp","href":"https:\/\/api.w.org\/{rel}","templated":true}]}}