{"id":9390,"date":"2023-06-27T17:36:16","date_gmt":"2023-06-27T15:36:16","guid":{"rendered":"https:\/\/www.igb2b.ch\/?page_id=9390"},"modified":"2025-04-08T15:31:40","modified_gmt":"2025-04-08T13:31:40","slug":"statuts1","status":"publish","type":"page","link":"https:\/\/www.igb2b.ch\/fr\/devenir-membre\/statuts1\/","title":{"rendered":"Statuts"},"content":{"rendered":"<div class=\"fusion-fullwidth fullwidth-box fusion-builder-row-1 nonhundred-percent-fullwidth non-hundred-percent-height-scrolling\" style=\"--awb-border-radius-top-left:0px;--awb-border-radius-top-right:0px;--awb-border-radius-bottom-right:0px;--awb-border-radius-bottom-left:0px;--awb-flex-wrap:wrap;\" ><div class=\"fusion-builder-row fusion-row\"><div class=\"fusion-layout-column fusion_builder_column fusion-builder-column-0 fusion_builder_column_1_1 1_1 fusion-one-full fusion-column-first fusion-column-last\" style=\"--awb-bg-size:cover;--awb-margin-bottom:0px;\"><div class=\"fusion-column-wrapper fusion-flex-column-wrapper-legacy\"><div class=\"fusion-text fusion-text-1\"><h1 style=\"text-align: center;\">Statuts<\/h1>\n<p style=\"text-align: center;\">Les statuts d\u2019IG B2B for Insurers + Brokers ont \u00e9t\u00e9 approuv\u00e9s par l\u2019Assembl\u00e9e des membres et r\u00e9vis\u00e9s la derni\u00e8re fois le 18.05.2022.<\/p>\n<p style=\"text-align: center;\"><a href=\"https:\/\/www.igb2b.ch\/wp-content\/uploads\/2024\/06\/Mitgliederliste-Stand-03.06.2024.pdf\" target=\"_blank\" rel=\"noopener\">Les statuts actuels<\/a><\/p>\n<\/div><div class=\"fusion-clearfix\"><\/div><\/div><\/div><\/div><\/div>\n","protected":false},"excerpt":{"rendered":"","protected":false},"author":6484,"featured_media":0,"parent":1653,"menu_order":0,"comment_status":"closed","ping_status":"closed","template":"","meta":{"footnotes":""},"class_list":["post-9390","page","type-page","status-publish","hentry","floatton-article"],"aioseo_notices":[],"_links":{"self":[{"href":"https:\/\/www.igb2b.ch\/fr\/wp-json\/wp\/v2\/pages\/9390","targetHints":{"allow":["GET"]}}],"collection":[{"href":"https:\/\/www.igb2b.ch\/fr\/wp-json\/wp\/v2\/pages"}],"about":[{"href":"https:\/\/www.igb2b.ch\/fr\/wp-json\/wp\/v2\/types\/page"}],"author":[{"embeddable":true,"href":"https:\/\/www.igb2b.ch\/fr\/wp-json\/wp\/v2\/users\/6484"}],"replies":[{"embeddable":true,"href":"https:\/\/www.igb2b.ch\/fr\/wp-json\/wp\/v2\/comments?post=9390"}],"version-history":[{"count":0,"href":"https:\/\/www.igb2b.ch\/fr\/wp-json\/wp\/v2\/pages\/9390\/revisions"}],"up":[{"embeddable":true,"href":"https:\/\/www.igb2b.ch\/fr\/wp-json\/wp\/v2\/pages\/1653"}],"wp:attachment":[{"href":"https:\/\/www.igb2b.ch\/fr\/wp-json\/wp\/v2\/media?parent=9390"}],"curies":[{"name":"wp","href":"https:\/\/api.w.org\/{rel}","templated":true}]}}