{"id":6691,"date":"2019-12-13T21:36:11","date_gmt":"2019-12-13T20:36:11","guid":{"rendered":"http:\/\/www.igb2b.ch\/?page_id=6691"},"modified":"2023-01-11T12:22:11","modified_gmt":"2023-01-11T11:22:11","slug":"ecohub","status":"publish","type":"page","link":"https:\/\/www.igb2b.ch\/fr\/ecohub\/","title":{"rendered":"EcoHub"},"content":{"rendered":"<p><div class=\"fusion-fullwidth fullwidth-box fusion-builder-row-1 nonhundred-percent-fullwidth non-hundred-percent-height-scrolling\" style=\"--awb-border-radius-top-left:0px;--awb-border-radius-top-right:0px;--awb-border-radius-bottom-right:0px;--awb-border-radius-bottom-left:0px;--awb-flex-wrap:wrap;\" ><div class=\"fusion-builder-row fusion-row\"><div class=\"fusion-layout-column fusion_builder_column fusion-builder-column-0 fusion_builder_column_1_1 1_1 fusion-one-full fusion-column-first fusion-column-last\" style=\"--awb-bg-size:cover;--awb-margin-bottom:0px;\"><div class=\"fusion-column-wrapper fusion-flex-column-wrapper-legacy\"><div class=\"fusion-title title fusion-title-1 fusion-sep-none fusion-title-center fusion-title-text fusion-title-size-one\"><h1 class=\"fusion-title-heading title-heading-center\" style=\"margin:0;\"><span style=\"font-size: 36pt;\">A propos d&rsquo;EcoHub<\/span><\/h1><\/div><div class=\"fusion-builder-row fusion-builder-row-inner fusion-row\"><div class=\"fusion-layout-column fusion_builder_column_inner fusion-builder-nested-column-0 fusion_builder_column_inner_1_5 1_5 fusion-one-fifth fusion-column-first\" style=\"--awb-bg-size:cover;width:20%;width:calc(20% - ( ( 4% + 4% ) * 0.2 ) );margin-right: 4%;\"><div class=\"fusion-column-wrapper fusion-column-has-shadow fusion-flex-column-wrapper-legacy\"><div class=\"fusion-clearfix\"><\/div><\/div><\/div><div class=\"fusion-layout-column fusion_builder_column_inner fusion-builder-nested-column-1 fusion_builder_column_inner_3_5 3_5 fusion-three-fifth\" style=\"--awb-bg-size:cover;width:60%;width:calc(60% - ( ( 4% + 4% ) * 0.6 ) );margin-right: 4%;\"><div class=\"fusion-column-wrapper fusion-column-has-shadow fusion-flex-column-wrapper-legacy\"><div class=\"fusion-text fusion-text-1\"><p>EcoHub est une plateforme en ligne interactive et une place de march\u00e9 digitale pour le march\u00e9 suisse de la pr\u00e9voyance, de l\u2019assurance et des brokers. Tous les acteurs du march\u00e9 forment une communaut\u00e9 ouverte, ils peuvent utiliser les services num\u00e9riques d\u2019autres fournisseurs, proposer leurs propres solutions et contribuer ainsi \u00e0 concevoir l\u2019offre. Les tiers ind\u00e9pendants ont \u00e9galement la possibilit\u00e9 de faire partie de la communaut\u00e9 et de proposer leurs services. IG B2B d\u00e9veloppe et anime EcoHub et met \u00e0 disposition les services existants sur la nouvelle plate-forme.<\/p>\n<\/div><p>\u00a0<\/p><div class=\"fusion-clearfix\"><\/div><\/div><\/div><div class=\"fusion-layout-column fusion_builder_column_inner fusion-builder-nested-column-2 fusion_builder_column_inner_1_5 1_5 fusion-one-fifth fusion-column-last\" style=\"--awb-bg-size:cover;width:20%;width:calc(20% - ( ( 4% + 4% ) * 0.2 ) );\"><div class=\"fusion-column-wrapper fusion-column-has-shadow fusion-flex-column-wrapper-legacy\"><div class=\"fusion-clearfix\"><\/div><\/div><\/div><\/div><p>\u00a0<\/p><div class=\"fusion-title title fusion-title-2 fusion-sep-none fusion-title-center fusion-title-text fusion-title-size-one\"><h1 class=\"fusion-title-heading title-heading-center\" style=\"margin:0;\"><span style=\"font-size: 24pt;\">Les quatre \u00e9l\u00e9ments d&rsquo;EcoHub<\/span><\/h1><\/div><div class=\"fusion-builder-row fusion-builder-row-inner fusion-row\"><div class=\"fusion-layout-column fusion_builder_column_inner fusion-builder-nested-column-3 fusion_builder_column_inner_1_5 1_5 fusion-one-fifth fusion-column-first\" style=\"--awb-bg-size:cover;width:20%;width:calc(20% - ( ( 4% + 4% ) * 0.2 ) );margin-right: 4%;\"><div class=\"fusion-column-wrapper fusion-column-has-shadow fusion-flex-column-wrapper-legacy\"><div class=\"fusion-clearfix\"><\/div><\/div><\/div><div class=\"fusion-layout-column fusion_builder_column_inner fusion-builder-nested-column-4 fusion_builder_column_inner_3_5 3_5 fusion-three-fifth\" style=\"--awb-bg-size:cover;width:60%;width:calc(60% - ( ( 4% + 4% ) * 0.6 ) );margin-right: 4%;\"><div class=\"fusion-column-wrapper fusion-column-has-shadow fusion-flex-column-wrapper-legacy\"><div class=\"fusion-text fusion-text-2\"><p><img decoding=\"async\" class=\" wp-image-6540 aligncenter\" src=\"https:\/\/www.igb2b.ch\/wp-content\/uploads\/2019\/11\/EcoHub_FR-300x300.jpg\" alt=\"\" width=\"326\" height=\"326\" srcset=\"https:\/\/www.igb2b.ch\/wp-content\/uploads\/2019\/11\/EcoHub_FR-66x66.jpg 66w, https:\/\/www.igb2b.ch\/wp-content\/uploads\/2019\/11\/EcoHub_FR-150x150.jpg 150w, https:\/\/www.igb2b.ch\/wp-content\/uploads\/2019\/11\/EcoHub_FR-200x200.jpg 200w, https:\/\/www.igb2b.ch\/wp-content\/uploads\/2019\/11\/EcoHub_FR-300x300.jpg 300w, https:\/\/www.igb2b.ch\/wp-content\/uploads\/2019\/11\/EcoHub_FR-400x400.jpg 400w, https:\/\/www.igb2b.ch\/wp-content\/uploads\/2019\/11\/EcoHub_FR-600x600.jpg 600w, https:\/\/www.igb2b.ch\/wp-content\/uploads\/2019\/11\/EcoHub_FR.jpg 675w\" sizes=\"(max-width: 326px) 100vw, 326px\" \/><\/p>\n<\/div><p>\u00a0<\/p><div class=\"fusion-text fusion-text-3\"><p><strong>Infrastructure:<\/strong>\u00a0EcoHub se fonde sur la technologie cloud \u00e9prouv\u00e9e et \u00e9volutive Microsoft\u00a0Azure.<\/p>\n<p><strong>Essentials:<\/strong>\u00a0Tous les services propos\u00e9s jusqu\u2019\u00e0 pr\u00e9sent par IG\u00a0B2B sont disponibles sur EcoHub et seront am\u00e9lior\u00e9s et compl\u00e9t\u00e9s.<\/p>\n<p><strong>Place de march\u00e9:<\/strong>\u00a0La plateforme est ouverte aux services d\u2019acteurs du march\u00e9 et de tiers, par ex. aux fabricants de logiciels ind\u00e9pendants.<\/p>\n<p><strong>Communaut\u00e9:<\/strong>\u00a0EcoHub permet \u00e0 ce secteur d\u2019activit\u00e9 de profiter des synergies, d\u2019apprendre les uns des autres et d\u2019\u00e9changer les points de vue.<\/p>\n<\/div><p>\u00a0<\/p><div class=\"fusion-clearfix\"><\/div><\/div><\/div><div class=\"fusion-layout-column fusion_builder_column_inner fusion-builder-nested-column-5 fusion_builder_column_inner_1_5 1_5 fusion-one-fifth fusion-column-last\" style=\"--awb-bg-size:cover;width:20%;width:calc(20% - ( ( 4% + 4% ) * 0.2 ) );\"><div class=\"fusion-column-wrapper fusion-column-has-shadow fusion-flex-column-wrapper-legacy\"><div class=\"fusion-clearfix\"><\/div><\/div><\/div><\/div><p>\u00a0<\/p><div class=\"fusion-title title fusion-title-3 fusion-sep-none fusion-title-center fusion-title-text fusion-title-size-one\"><h1 class=\"fusion-title-heading title-heading-center\" style=\"margin:0;\"><span style=\"font-size: 24pt;\">Pourquoi EcoHub<\/span><\/h1><\/div><p>\u00a0<\/p><div class=\"fusion-builder-row fusion-builder-row-inner fusion-row\"><div class=\"fusion-layout-column fusion_builder_column_inner fusion-builder-nested-column-6 fusion_builder_column_inner_1_5 1_5 fusion-one-fifth fusion-column-first\" style=\"--awb-bg-size:cover;width:20%;width:calc(20% - ( ( 4% + 4% ) * 0.2 ) );margin-right: 4%;\"><div class=\"fusion-column-wrapper fusion-column-has-shadow fusion-flex-column-wrapper-legacy\"><div class=\"fusion-clearfix\"><\/div><\/div><\/div><div class=\"fusion-layout-column fusion_builder_column_inner fusion-builder-nested-column-7 fusion_builder_column_inner_3_5 3_5 fusion-three-fifth\" style=\"--awb-bg-size:cover;width:60%;width:calc(60% - ( ( 4% + 4% ) * 0.6 ) );margin-right: 4%;\"><div class=\"fusion-column-wrapper fusion-column-has-shadow fusion-flex-column-wrapper-legacy\"><div class=\"fusion-text fusion-text-4\"><p>La digitalisation du march\u00e9 suisse de l\u2019assurance repr\u00e9sente une opportunit\u00e9 importante pour tous les acteurs du march\u00e9. Mais elle comporte \u00e9galement des risques. Le manque de ressources et de connaissances ralentit le processus, le risque li\u00e9 \u00e0 l\u2019investissement est \u00e9lev\u00e9 pour les entreprises individuelles. Avec EcoHub, la branche concentre ses forces et aborde ensemble l\u2019avenir digital.<\/p>\n<\/div><p>\u00a0<\/p><div class=\"fusion-clearfix\"><\/div><\/div><\/div><div class=\"fusion-layout-column fusion_builder_column_inner fusion-builder-nested-column-8 fusion_builder_column_inner_1_5 1_5 fusion-one-fifth fusion-column-last\" style=\"--awb-bg-size:cover;width:20%;width:calc(20% - ( ( 4% + 4% ) * 0.2 ) );\"><div class=\"fusion-column-wrapper fusion-column-has-shadow fusion-flex-column-wrapper-legacy\"><div class=\"fusion-clearfix\"><\/div><\/div><\/div><\/div><p>\u00a0<\/p><div class=\"fusion-title title fusion-title-4 fusion-sep-none fusion-title-center fusion-title-text fusion-title-size-one\"><h1 class=\"fusion-title-heading title-heading-center\" style=\"margin:0;\"><span style=\"font-size: 24pt;\">Utilit\u00e9<\/span><\/h1><\/div><div class=\"fusion-builder-row fusion-builder-row-inner fusion-row\"><div class=\"fusion-layout-column fusion_builder_column_inner fusion-builder-nested-column-9 fusion_builder_column_inner_1_5 1_5 fusion-one-fifth fusion-column-first\" style=\"--awb-bg-size:cover;width:20%;width:calc(20% - ( ( 4% + 4% ) * 0.2 ) );margin-right: 4%;\"><div class=\"fusion-column-wrapper fusion-column-has-shadow fusion-flex-column-wrapper-legacy\"><div class=\"fusion-clearfix\"><\/div><\/div><\/div><div class=\"fusion-layout-column fusion_builder_column_inner fusion-builder-nested-column-10 fusion_builder_column_inner_3_5 3_5 fusion-three-fifth\" style=\"--awb-bg-size:cover;width:60%;width:calc(60% - ( ( 4% + 4% ) * 0.6 ) );margin-right: 4%;\"><div class=\"fusion-column-wrapper fusion-column-has-shadow fusion-flex-column-wrapper-legacy\"><div class=\"accordian fusion-accordian\" style=\"--awb-border-size:1px;--awb-icon-size:13px;--awb-content-font-size:18px;--awb-icon-alignment:left;--awb-hover-color:#f9f9f9;--awb-border-color:#cccccc;--awb-background-color:#ffffff;--awb-divider-color:#e0dede;--awb-divider-hover-color:#e0dede;--awb-icon-color:#ffffff;--awb-title-color:#333333;--awb-content-color:#333333;--awb-icon-box-color:#333333;--awb-toggle-hover-accent-color:#f41000;--awb-title-font-family:&quot;Nunito&quot;;--awb-title-font-weight:600;--awb-title-font-style:normal;--awb-title-font-size:18px;--awb-content-font-family:&quot;Nunito&quot;;--awb-content-font-style:normal;--awb-content-font-weight:400;\"><div class=\"panel-group fusion-toggle-icon-boxed\" id=\"accordion-6691-1\"><div class=\"fusion-panel panel-default panel-c1ca9269d34c8ba88 fusion-toggle-has-divider\"><div class=\"panel-heading\"><h4 class=\"panel-title toggle\" id=\"toggle_c1ca9269d34c8ba88\"><a aria-expanded=\"false\" aria-controls=\"c1ca9269d34c8ba88\" role=\"button\" data-toggle=\"collapse\" data-target=\"#c1ca9269d34c8ba88\" href=\"#c1ca9269d34c8ba88\"><span class=\"fusion-toggle-icon-wrapper\" aria-hidden=\"true\"><i class=\"fa-fusion-box active-icon awb-icon-minus\" aria-hidden=\"true\"><\/i><i class=\"fa-fusion-box inactive-icon awb-icon-plus\" aria-hidden=\"true\"><\/i><\/span><span class=\"fusion-toggle-heading\">Pour le march\u00e9<\/span><\/a><\/h4><\/div><div id=\"c1ca9269d34c8ba88\" class=\"panel-collapse collapse \" aria-labelledby=\"toggle_c1ca9269d34c8ba88\"><div class=\"panel-body toggle-content fusion-clearfix\">\n<ul>\n<li>EcoHub facilite l\u2019acc\u00e8s de tous les acteurs du march\u00e9 aux technologies et aux services les plus r\u00e9cents.<\/li>\n<li>Les acteurs du march\u00e9 peuvent profiter des chances de la digitalisation en fonction de leurs besoins et \u00e9conomiser des frais de d\u00e9veloppement.<\/li>\n<\/ul>\n<\/div><\/div><\/div><div class=\"fusion-panel panel-default panel-c1bf9c68eafd2260b fusion-toggle-has-divider\"><div class=\"panel-heading\"><h4 class=\"panel-title toggle\" id=\"toggle_c1bf9c68eafd2260b\"><a aria-expanded=\"false\" aria-controls=\"c1bf9c68eafd2260b\" role=\"button\" data-toggle=\"collapse\" data-target=\"#c1bf9c68eafd2260b\" href=\"#c1bf9c68eafd2260b\"><span class=\"fusion-toggle-icon-wrapper\" aria-hidden=\"true\"><i class=\"fa-fusion-box active-icon awb-icon-minus\" aria-hidden=\"true\"><\/i><i class=\"fa-fusion-box inactive-icon awb-icon-plus\" aria-hidden=\"true\"><\/i><\/span><span class=\"fusion-toggle-heading\">Pour tous les acteurs du march\u00e9 <\/span><\/a><\/h4><\/div><div id=\"c1bf9c68eafd2260b\" class=\"panel-collapse collapse \" aria-labelledby=\"toggle_c1bf9c68eafd2260b\"><div class=\"panel-body toggle-content fusion-clearfix\">\n<ul>\n<li>L\u2019acc\u00e8s aux services digitaux des autres permet aux acteurs du march\u00e9 de plus se concentrer sur leur activit\u00e9 principale.<\/li>\n<li>En proposant leurs propres services num\u00e9riques sur EcoHub, les acteurs du march\u00e9 ont la possibilit\u00e9 de d\u00e9gager une nouvelle source de revenus.<\/li>\n<\/ul>\n<\/div><\/div><\/div><div class=\"fusion-panel panel-default panel-54eaa9e18197ee831 fusion-toggle-has-divider\"><div class=\"panel-heading\"><h4 class=\"panel-title toggle\" id=\"toggle_54eaa9e18197ee831\"><a aria-expanded=\"false\" aria-controls=\"54eaa9e18197ee831\" role=\"button\" data-toggle=\"collapse\" data-target=\"#54eaa9e18197ee831\" href=\"#54eaa9e18197ee831\"><span class=\"fusion-toggle-icon-wrapper\" aria-hidden=\"true\"><i class=\"fa-fusion-box active-icon awb-icon-minus\" aria-hidden=\"true\"><\/i><i class=\"fa-fusion-box inactive-icon awb-icon-plus\" aria-hidden=\"true\"><\/i><\/span><span class=\"fusion-toggle-heading\">Pour les assureurs<\/span><\/a><\/h4><\/div><div id=\"54eaa9e18197ee831\" class=\"panel-collapse collapse \" aria-labelledby=\"toggle_54eaa9e18197ee831\"><div class=\"panel-body toggle-content fusion-clearfix\">\n<ul>\n<li>Gr\u00e2ce aux services digitaux qui ont d\u00e9j\u00e0 fait leurs preuves, il reste plus de temps pour le d\u00e9veloppement de nouveaux produits ainsi que le service \u00e0 la client\u00e8le.<\/li>\n<\/ul>\n<\/div><\/div><\/div><div class=\"fusion-panel panel-default panel-c97331e115e846dc2 fusion-toggle-has-divider\"><div class=\"panel-heading\"><h4 class=\"panel-title toggle\" id=\"toggle_c97331e115e846dc2\"><a aria-expanded=\"false\" aria-controls=\"c97331e115e846dc2\" role=\"button\" data-toggle=\"collapse\" data-target=\"#c97331e115e846dc2\" href=\"#c97331e115e846dc2\"><span class=\"fusion-toggle-icon-wrapper\" aria-hidden=\"true\"><i class=\"fa-fusion-box active-icon awb-icon-minus\" aria-hidden=\"true\"><\/i><i class=\"fa-fusion-box inactive-icon awb-icon-plus\" aria-hidden=\"true\"><\/i><\/span><span class=\"fusion-toggle-heading\">Pour les brokers<\/span><\/a><\/h4><\/div><div id=\"c97331e115e846dc2\" class=\"panel-collapse collapse \" aria-labelledby=\"toggle_c97331e115e846dc2\"><div class=\"panel-body toggle-content fusion-clearfix\">\n<ul>\n<li>EcoHub donne acc\u00e8s \u00e0 une large gamme de services digitaux qui peuvent \u00eatre facilement int\u00e9gr\u00e9s dans le processus de travail.<\/li>\n<\/ul>\n<\/div><\/div><\/div><div class=\"fusion-panel panel-default panel-00bb91834ebd248d3 fusion-toggle-has-divider\"><div class=\"panel-heading\"><h4 class=\"panel-title toggle\" id=\"toggle_00bb91834ebd248d3\"><a aria-expanded=\"false\" aria-controls=\"00bb91834ebd248d3\" role=\"button\" data-toggle=\"collapse\" data-target=\"#00bb91834ebd248d3\" href=\"#00bb91834ebd248d3\"><span class=\"fusion-toggle-icon-wrapper\" aria-hidden=\"true\"><i class=\"fa-fusion-box active-icon awb-icon-minus\" aria-hidden=\"true\"><\/i><i class=\"fa-fusion-box inactive-icon awb-icon-plus\" aria-hidden=\"true\"><\/i><\/span><span class=\"fusion-toggle-heading\">Pour les fabricants de logiciels<\/span><\/a><\/h4><\/div><div id=\"00bb91834ebd248d3\" class=\"panel-collapse collapse \" aria-labelledby=\"toggle_00bb91834ebd248d3\"><div class=\"panel-body toggle-content fusion-clearfix\">\n<ul>\n<li>L\u2019\u00e9cosyst\u00e8me digital offre la possibilit\u00e9 d\u2019am\u00e9liorer et de proposer ses propres solutions.<\/li>\n<\/ul>\n<\/div><\/div><\/div><\/div><\/div><div class=\"fusion-clearfix\"><\/div><\/div><\/div><div class=\"fusion-layout-column fusion_builder_column_inner fusion-builder-nested-column-11 fusion_builder_column_inner_1_5 1_5 fusion-one-fifth fusion-column-last\" style=\"--awb-bg-size:cover;width:20%;width:calc(20% - ( ( 4% + 4% ) * 0.2 ) );\"><div class=\"fusion-column-wrapper fusion-column-has-shadow fusion-flex-column-wrapper-legacy\"><div class=\"fusion-clearfix\"><\/div><\/div><\/div><\/div><p>\u00a0<\/p><div class=\"fusion-title title fusion-title-5 fusion-sep-none fusion-title-center fusion-title-text fusion-title-size-one\"><h1 class=\"fusion-title-heading title-heading-center\" style=\"margin:0;\"><span style=\"font-size: 24pt;\">Mise en oeuvre<\/span><\/h1><\/div><div class=\"fusion-builder-row fusion-builder-row-inner fusion-row\"><div class=\"fusion-layout-column fusion_builder_column_inner fusion-builder-nested-column-12 fusion_builder_column_inner_1_5 1_5 fusion-one-fifth fusion-column-first\" style=\"--awb-bg-size:cover;width:20%;width:calc(20% - ( ( 4% + 4% ) * 0.2 ) );margin-right: 4%;\"><div class=\"fusion-column-wrapper fusion-column-has-shadow fusion-flex-column-wrapper-legacy\"><div class=\"fusion-clearfix\"><\/div><\/div><\/div><div class=\"fusion-layout-column fusion_builder_column_inner fusion-builder-nested-column-13 fusion_builder_column_inner_3_5 3_5 fusion-three-fifth\" style=\"--awb-bg-size:cover;width:60%;width:calc(60% - ( ( 4% + 4% ) * 0.6 ) );margin-right: 4%;\"><div class=\"fusion-column-wrapper fusion-column-has-shadow fusion-flex-column-wrapper-legacy\"><div class=\"accordian fusion-accordian\" style=\"--awb-border-size:1px;--awb-icon-size:13px;--awb-content-font-size:18px;--awb-icon-alignment:left;--awb-hover-color:#f9f9f9;--awb-border-color:#cccccc;--awb-background-color:#ffffff;--awb-divider-color:#e0dede;--awb-divider-hover-color:#e0dede;--awb-icon-color:#ffffff;--awb-title-color:#333333;--awb-content-color:#333333;--awb-icon-box-color:#333333;--awb-toggle-hover-accent-color:#f41000;--awb-title-font-family:&quot;Nunito&quot;;--awb-title-font-weight:600;--awb-title-font-style:normal;--awb-title-font-size:18px;--awb-content-font-family:&quot;Nunito&quot;;--awb-content-font-style:normal;--awb-content-font-weight:400;\"><div class=\"panel-group fusion-toggle-icon-boxed\" id=\"accordion-6691-2\"><div class=\"fusion-panel panel-default panel-123666f167986cf32 fusion-toggle-has-divider\"><div class=\"panel-heading\"><h4 class=\"panel-title toggle\" id=\"toggle_123666f167986cf32\"><a aria-expanded=\"false\" aria-controls=\"123666f167986cf32\" role=\"button\" data-toggle=\"collapse\" data-target=\"#123666f167986cf32\" href=\"#123666f167986cf32\"><span class=\"fusion-toggle-icon-wrapper\" aria-hidden=\"true\"><i class=\"fa-fusion-box active-icon awb-icon-minus\" aria-hidden=\"true\"><\/i><i class=\"fa-fusion-box inactive-icon awb-icon-plus\" aria-hidden=\"true\"><\/i><\/span><span class=\"fusion-toggle-heading\">Utiliser des services<\/span><\/a><\/h4><\/div><div id=\"123666f167986cf32\" class=\"panel-collapse collapse \" aria-labelledby=\"toggle_123666f167986cf32\"><div class=\"panel-body toggle-content fusion-clearfix\">\n<p>Les services mis \u00e0 disposition sur EcoHub aident \u00e0 optimiser les processus. Ils peuvent \u00eatre combin\u00e9s entre eux et int\u00e9gr\u00e9s individuellement dans les processus existants ou ils peuvent \u00eatre compil\u00e9s pour en faire des solutions enti\u00e8rement nouvelles.<\/p>\n<p>EcoHub met les services \u00e0 disposition \u00e0 travers une API REST publi\u00e9e et livre les moyens d\u2019aide n\u00e9cessaires pour une int\u00e9gration rapide. Le r\u00e9sultat final est livr\u00e9 si possible en format JSON. Les frais de base pour l\u2019infrastructure sont assum\u00e9s en commun par tous les acteurs du march\u00e9. Les frais relatifs \u00e0 l\u2019utilisation sont factur\u00e9s par IG\u00a0B2B en fonction de l\u2019utilisation effective.<\/p>\n<\/div><\/div><\/div><div class=\"fusion-panel panel-default panel-d2d8c2edb0f3acf13 fusion-toggle-has-divider\"><div class=\"panel-heading\"><h4 class=\"panel-title toggle\" id=\"toggle_d2d8c2edb0f3acf13\"><a aria-expanded=\"false\" aria-controls=\"d2d8c2edb0f3acf13\" role=\"button\" data-toggle=\"collapse\" data-target=\"#d2d8c2edb0f3acf13\" href=\"#d2d8c2edb0f3acf13\"><span class=\"fusion-toggle-icon-wrapper\" aria-hidden=\"true\"><i class=\"fa-fusion-box active-icon awb-icon-minus\" aria-hidden=\"true\"><\/i><i class=\"fa-fusion-box inactive-icon awb-icon-plus\" aria-hidden=\"true\"><\/i><\/span><span class=\"fusion-toggle-heading\">Proposer des services<\/span><\/a><\/h4><\/div><div id=\"d2d8c2edb0f3acf13\" class=\"panel-collapse collapse \" aria-labelledby=\"toggle_d2d8c2edb0f3acf13\"><div class=\"panel-body toggle-content fusion-clearfix\">\n<p>Chaque nouveau service et chaque service existant est soumis \u00e0 un processus de certification afin d\u2019assurer que les exigences en mati\u00e8re d\u2019utilit\u00e9 et de qualit\u00e9 soient remplies. Les services propos\u00e9s sur EcoHub sont h\u00e9berg\u00e9s par Microsoft\u00a0Azure et d\u00e9velopp\u00e9s sous forme d\u2019application sans serveur. Une partie des recettes provenant des services propos\u00e9s est revers\u00e9e au fournisseur.<\/p>\n<\/div><\/div><\/div><\/div><\/div><div class=\"fusion-clearfix\"><\/div><\/div><\/div><div class=\"fusion-layout-column fusion_builder_column_inner fusion-builder-nested-column-14 fusion_builder_column_inner_1_5 1_5 fusion-one-fifth fusion-column-last\" style=\"--awb-bg-size:cover;width:20%;width:calc(20% - ( ( 4% + 4% ) * 0.2 ) );\"><div class=\"fusion-column-wrapper fusion-column-has-shadow fusion-flex-column-wrapper-legacy\"><div class=\"fusion-clearfix\"><\/div><\/div><\/div><\/div><p>\u00a0<\/p><div class=\"fusion-title title fusion-title-6 fusion-sep-none fusion-title-center fusion-title-text fusion-title-size-one\"><h1 class=\"fusion-title-heading title-heading-center\" style=\"margin:0;\"><span style=\"font-size: 24pt;\">Acc\u00e8s direct \u00e0 EcoHub<\/span><\/h1><\/div><div class=\"fusion-builder-row fusion-builder-row-inner fusion-row\"><div class=\"fusion-layout-column fusion_builder_column_inner fusion-builder-nested-column-15 fusion_builder_column_inner_1_5 1_5 fusion-one-fifth fusion-column-first\" style=\"--awb-bg-size:cover;width:20%;width:calc(20% - ( ( 4% + 4% ) * 0.2 ) );margin-right: 4%;\"><div class=\"fusion-column-wrapper fusion-column-has-shadow fusion-flex-column-wrapper-legacy\"><div class=\"fusion-clearfix\"><\/div><\/div><\/div><div class=\"fusion-layout-column fusion_builder_column_inner fusion-builder-nested-column-16 fusion_builder_column_inner_3_5 3_5 fusion-three-fifth\" style=\"--awb-bg-size:cover;width:60%;width:calc(60% - ( ( 4% + 4% ) * 0.6 ) );margin-right: 4%;\"><div class=\"fusion-column-wrapper fusion-column-has-shadow fusion-flex-column-wrapper-legacy\"><div class=\"fusion-text fusion-text-5\"><p>Vous souhaitez obtenir de plus amples informations concernant la plateforme en ligne<\/p>\n<p style=\"text-align: center;\"><a href=\"https:\/\/www.myecohub.ch\/fr\/\" target=\"_blank\" rel=\"noopener\">Lien \u00e0 EcoHub<\/a><\/p>\n<\/div><p>\u00a0<\/p><div class=\"fusion-clearfix\"><\/div><\/div><\/div><div class=\"fusion-layout-column fusion_builder_column_inner fusion-builder-nested-column-17 fusion_builder_column_inner_1_5 1_5 fusion-one-fifth fusion-column-last\" style=\"--awb-bg-size:cover;width:20%;width:calc(20% - ( ( 4% + 4% ) * 0.2 ) );\"><div class=\"fusion-column-wrapper fusion-column-has-shadow fusion-flex-column-wrapper-legacy\"><div class=\"fusion-clearfix\"><\/div><\/div><\/div><\/div><p>\u00a0<\/p><div class=\"fusion-clearfix\"><\/div><\/div><\/div><\/div><\/div><div class=\"fusion-fullwidth fullwidth-box fusion-builder-row-2 nonhundred-percent-fullwidth non-hundred-percent-height-scrolling\" style=\"--awb-border-radius-top-left:0px;--awb-border-radius-top-right:0px;--awb-border-radius-bottom-right:0px;--awb-border-radius-bottom-left:0px;--awb-flex-wrap:wrap;\" ><\/div><\/p>\n","protected":false},"excerpt":{"rendered":"","protected":false},"author":6481,"featured_media":0,"parent":0,"menu_order":0,"comment_status":"closed","ping_status":"closed","template":"","meta":{"footnotes":""},"class_list":["post-6691","page","type-page","status-publish","hentry","floatton-article"],"aioseo_notices":[],"_links":{"self":[{"href":"https:\/\/www.igb2b.ch\/fr\/wp-json\/wp\/v2\/pages\/6691","targetHints":{"allow":["GET"]}}],"collection":[{"href":"https:\/\/www.igb2b.ch\/fr\/wp-json\/wp\/v2\/pages"}],"about":[{"href":"https:\/\/www.igb2b.ch\/fr\/wp-json\/wp\/v2\/types\/page"}],"author":[{"embeddable":true,"href":"https:\/\/www.igb2b.ch\/fr\/wp-json\/wp\/v2\/users\/6481"}],"replies":[{"embeddable":true,"href":"https:\/\/www.igb2b.ch\/fr\/wp-json\/wp\/v2\/comments?post=6691"}],"version-history":[{"count":0,"href":"https:\/\/www.igb2b.ch\/fr\/wp-json\/wp\/v2\/pages\/6691\/revisions"}],"wp:attachment":[{"href":"https:\/\/www.igb2b.ch\/fr\/wp-json\/wp\/v2\/media?parent=6691"}],"curies":[{"name":"wp","href":"https:\/\/api.w.org\/{rel}","templated":true}]}}