{"id":453,"date":"2017-03-28T21:01:20","date_gmt":"2017-03-28T19:01:20","guid":{"rendered":"http:\/\/www.igb2b.ch\/?page_id=453"},"modified":"2023-01-19T14:41:08","modified_gmt":"2023-01-19T13:41:08","slug":"ecohub-processus","status":"publish","type":"page","link":"https:\/\/www.igb2b.ch\/fr\/service\/ecohub-processus\/","title":{"rendered":"EcoHub Processus"},"content":{"rendered":"<div class=\"fusion-fullwidth fullwidth-box fusion-builder-row-1 nonhundred-percent-fullwidth non-hundred-percent-height-scrolling\" style=\"--awb-border-radius-top-left:0px;--awb-border-radius-top-right:0px;--awb-border-radius-bottom-right:0px;--awb-border-radius-bottom-left:0px;--awb-flex-wrap:wrap;\" ><div class=\"fusion-builder-row fusion-row\"><div class=\"fusion-layout-column fusion_builder_column fusion-builder-column-0 fusion_builder_column_1_1 1_1 fusion-one-full fusion-column-first fusion-column-last\" style=\"--awb-bg-size:cover;\"><div class=\"fusion-column-wrapper fusion-flex-column-wrapper-legacy\"><div class=\"fusion-image-element fusion-image-align-center in-legacy-container\" style=\"text-align:center;--awb-caption-title-font-family:var(--h2_typography-font-family);--awb-caption-title-font-weight:var(--h2_typography-font-weight);--awb-caption-title-font-style:var(--h2_typography-font-style);--awb-caption-title-size:var(--h2_typography-font-size);--awb-caption-title-transform:var(--h2_typography-text-transform);--awb-caption-title-line-height:var(--h2_typography-line-height);--awb-caption-title-letter-spacing:var(--h2_typography-letter-spacing);\"><div class=\"imageframe-align-center\"><span class=\" fusion-imageframe imageframe-none imageframe-1 hover-type-none\"><img decoding=\"async\" width=\"300\" height=\"133\" title=\"Processus\" src=\"https:\/\/www.igb2b.ch\/wp-content\/uploads\/2022\/07\/processus-300x133.jpg\" alt class=\"img-responsive wp-image-8930\" srcset=\"https:\/\/www.igb2b.ch\/wp-content\/uploads\/2022\/07\/processus-200x89.jpg 200w, https:\/\/www.igb2b.ch\/wp-content\/uploads\/2022\/07\/processus-400x177.jpg 400w, https:\/\/www.igb2b.ch\/wp-content\/uploads\/2022\/07\/processus-600x266.jpg 600w, https:\/\/www.igb2b.ch\/wp-content\/uploads\/2022\/07\/processus-800x354.jpg 800w, https:\/\/www.igb2b.ch\/wp-content\/uploads\/2022\/07\/processus.jpg 908w\" sizes=\"(max-width: 800px) 100vw, 300px\" \/><\/span><\/div><\/div><div class=\"fusion-sep-clear\"><\/div><div class=\"fusion-separator fusion-full-width-sep\" style=\"margin-left: auto;margin-right: auto;margin-top:10px;margin-bottom:10px;width:100%;\"><\/div><div class=\"fusion-sep-clear\"><\/div><div class=\"fusion-text fusion-text-1\"><h1 style=\"text-align: center;\">EcoHub Processus \/ XML-Viewer<\/h1>\n<\/div><div class=\"fusion-sep-clear\"><\/div><div class=\"fusion-separator fusion-full-width-sep\" style=\"margin-left: auto;margin-right: auto;margin-top:10px;margin-bottom:10px;width:100%;\"><\/div><div class=\"fusion-sep-clear\"><\/div><div class=\"fusion-text fusion-text-2\"><p>EcoHub Processus est une plate-forme detraitement des processus pour tous les brokers et assureurs qui ne sont pas encore rattach\u00e9s au service DXP.<\/p>\n<p>En juillet 2022, nous avons lanc\u00e9 \u00ab\u00a0EcoHub Processus\u00a0\u00bb. Cette nouvelle application a remplac\u00e9 la \u00ab\u00a0Girafe\u00a0\u00bb afin de simplifier davantage l&rsquo;\u00e9change de donn\u00e9es entre vous et les assureurs. Les fonctions sont rest\u00e9es en grande partie les m\u00eames, mais \u00ab\u00a0Processus EcoHub\u00a0\u00bb tient compte des autorisations IG B2B pour contr\u00f4ler les droits des utilisateurs.<\/p>\n<p>La plate-forme de traitement des processus EcoHub permet de traiter tous les \u00e9changes de donn\u00e9es dans le cadre des processus cl\u00e9s IG B2B d\u00e9finis. Cela signifie que les courtiers qui ne disposent pas d&rsquo;un logiciel compatible DXP ou d&rsquo;un logiciel de courtage peuvent utiliser les processus EcoHub pour recevoir des donn\u00e9es de l&rsquo;assureur, pour lancer de nouveaux processus avec l&rsquo;assureur ou pour convertir des fichiers XML dans une forme lisible.<\/p>\n<\/div><div class=\"fusion-sep-clear\"><\/div><div class=\"fusion-separator fusion-full-width-sep\" style=\"margin-left: auto;margin-right: auto;margin-top:10px;margin-bottom:10px;width:100%;\"><\/div><div class=\"fusion-sep-clear\"><\/div><div class=\"accordian fusion-accordian\" style=\"--awb-border-size:1px;--awb-icon-size:13px;--awb-content-font-size:18px;--awb-icon-alignment:left;--awb-hover-color:#f9f9f9;--awb-border-color:#cccccc;--awb-background-color:#ffffff;--awb-divider-color:#e0dede;--awb-divider-hover-color:#e0dede;--awb-icon-color:#ffffff;--awb-title-color:#333333;--awb-content-color:#333333;--awb-icon-box-color:#333333;--awb-toggle-hover-accent-color:#a0ce4e;--awb-title-font-family:&quot;Nunito&quot;;--awb-title-font-weight:600;--awb-title-font-style:normal;--awb-title-font-size:18px;--awb-content-font-family:&quot;Nunito&quot;;--awb-content-font-style:normal;--awb-content-font-weight:400;\"><div class=\"panel-group fusion-toggle-icon-boxed\" id=\"accordion-453-1\"><div class=\"fusion-panel panel-default panel-b3fb0798fc909e89b fusion-toggle-has-divider\"><div class=\"panel-heading\"><h4 class=\"panel-title toggle\" id=\"toggle_b3fb0798fc909e89b\"><a aria-expanded=\"false\" aria-controls=\"b3fb0798fc909e89b\" role=\"button\" data-toggle=\"collapse\" data-parent=\"#accordion-453-1\" data-target=\"#b3fb0798fc909e89b\" href=\"#b3fb0798fc909e89b\"><span class=\"fusion-toggle-icon-wrapper\" aria-hidden=\"true\"><i class=\"fa-fusion-box active-icon awb-icon-minus\" aria-hidden=\"true\"><\/i><i class=\"fa-fusion-box inactive-icon awb-icon-plus\" aria-hidden=\"true\"><\/i><\/span><span class=\"fusion-toggle-heading\">D\u00e9tails concernant le projet EcoHub Processus <\/span><\/a><\/h4><\/div><div id=\"b3fb0798fc909e89b\" class=\"panel-collapse collapse \" aria-labelledby=\"toggle_b3fb0798fc909e89b\"><div class=\"panel-body toggle-content fusion-clearfix\">\n<div id=\"c422\" class=\"csc-default\">\n<div class=\"csc-textpic csc-textpic-left csc-textpic-below\"><\/div>\n<\/div>\n<div id=\"c423\" class=\"csc-default\">\n<div id=\"c423\" class=\"csc-default\">\n<h1>Etendue des performances<\/h1>\n<p>EcoHub Processus est un outil qui permet \u00e0 tous les fabricants de logiciels broker et \u00e0 tous les brokers d&rsquo;utiliser tous les processus-cl\u00e9s d&rsquo;IG B2B avec toutes les fonctionnalit\u00e9s n\u00e9cessaires.<\/p>\n<p>Il s&rsquo;agit de tous les branches de l&rsquo;offre (sectorielle et g\u00e9n\u00e9riques), du mandat, de l&rsquo;\u00e9tablissement du contrat, de l&rsquo;\u00e9tablissement de la facture, du commissionnement, des sinistres, du rendement des sinistres et la communication.<\/p>\n<p>Six compagnies d&rsquo;assurance ont \u00e9tabli une connexion au service DXP (Allianz, Axa, Basler, Generali, Mobiliar et Zurich). \u00ab\u00a0La digitalisation compl\u00e8te du c\u00f4t\u00e9 des brokers assure la protection des investissements n\u00e9cessaires du c\u00f4t\u00e9 de l&rsquo;assureur.\u00a0\u00bb<\/p>\n<p class=\"bodytext\">EcoHub Processus est la plate-forme de traitement des processus pour les\u00a0brokers\u00a0et les assureurs membres d&rsquo;IG B2B.<\/p>\n<\/div>\n<\/div>\n<\/div><\/div><\/div><div class=\"fusion-panel panel-default panel-b86fcf8f990c8c004 fusion-toggle-has-divider\"><div class=\"panel-heading\"><h4 class=\"panel-title toggle\" id=\"toggle_b86fcf8f990c8c004\"><a aria-expanded=\"false\" aria-controls=\"b86fcf8f990c8c004\" role=\"button\" data-toggle=\"collapse\" data-parent=\"#accordion-453-1\" data-target=\"#b86fcf8f990c8c004\" href=\"#b86fcf8f990c8c004\"><span class=\"fusion-toggle-icon-wrapper\" aria-hidden=\"true\"><i class=\"fa-fusion-box active-icon awb-icon-minus\" aria-hidden=\"true\"><\/i><i class=\"fa-fusion-box inactive-icon awb-icon-plus\" aria-hidden=\"true\"><\/i><\/span><span class=\"fusion-toggle-heading\">Qui a besoin de EcoHub Processus ?<\/span><\/a><\/h4><\/div><div id=\"b86fcf8f990c8c004\" class=\"panel-collapse collapse \" aria-labelledby=\"toggle_b86fcf8f990c8c004\"><div class=\"panel-body toggle-content fusion-clearfix\">\n<div>\n<div>\n<h1>Les brokers sans logiciel<\/h1>\n<\/div>\n<div>\n<p>Les brokers qui n&rsquo;ont pas de logiciel peuvent utiliser EcoHub Processus pour le d\u00e9roulement des processus. \u00a0Les donn\u00e9es relatives aux processus-cl\u00e9s d\u00e9finis par IG B2B, par exemple les appels d&rsquo;offres, peuvent y \u00eatre saisies et envoy\u00e9es. Les fichiers XML des assureurs peuvent \u00e9galement \u00eatre convertis, par exemple les factures ou les commissions.<\/p>\n<\/div>\n<h1>Les brokers avec un propre logiciel broker<\/h1>\n<\/div>\n<div>\n<p>Les brokers proc\u00e9dant leur propre logiciel broker et qui n&rsquo;ont pas de connexion DXP peuvent connecter leur programme \u00e0 EcoHub Processus. Ceci permet le transfert digital (automatique) des donn\u00e9es.<\/p>\n<\/div>\n<div><\/div>\n<div>\n<div>\n<div>\n<h1>Fabricants de logiciel<\/h1>\n<\/div>\n<div>\n<p class=\"bodytext\">De nombreux logiciels pour brokers ne disposent pas d&rsquo;un raccordement direct au service DXP.\u00a0 Dans ce cas, EcoHub Processus officie comme plate-forme d&rsquo;\u00e9change de donn\u00e9es. De cette mani\u00e8re ces progammes ont un acc\u00e8s direct et disposent d&rsquo;un \u00e9change des donn\u00e9es digitale. EcoHub Processus devient ainsi un composant int\u00e9gr\u00e9 de ce logiciel broker.<\/p>\n<\/div>\n<div>\n<h1>Assureurs sans raccordement DXP<\/h1>\n<\/div>\n<div>\n<p class=\"bodytext\">Les assureurs sans raccordement DXP peuvent t\u00e9l\u00e9charger leurs donn\u00e9es pour les \u00e9changer ou re\u00e7oivent un avis lorsqu&rsquo;un courriel d&rsquo;un broker arrive dans leur bo\u00eete de r\u00e9ception. Les op\u00e9rations sont effectu\u00e9es manuellement. Cette option est particuli\u00e8rement int\u00e9ressante pour les petits volumens de donn\u00e9es.<\/p>\n<p>Pour de plus grands volumes de donn\u00e9es, alabus AG propose le connecteur IG B2B. Ce dernier de fait pas partie de EcoHub Processus et est donc payant. Vous trouverez des informations suppl\u00e9mentaires sous <a href=\"http:\/\/www.alabus.com\/opencms\/de\/home\/\">alabus.ch<\/a><\/p>\n<\/div>\n<\/div>\n<\/div>\n<\/div><\/div><\/div><div class=\"fusion-panel panel-default panel-45419007f46cdb352 fusion-toggle-has-divider\"><div class=\"panel-heading\"><h4 class=\"panel-title toggle\" id=\"toggle_45419007f46cdb352\"><a aria-expanded=\"false\" aria-controls=\"45419007f46cdb352\" role=\"button\" data-toggle=\"collapse\" data-parent=\"#accordion-453-1\" data-target=\"#45419007f46cdb352\" href=\"#45419007f46cdb352\"><span class=\"fusion-toggle-icon-wrapper\" aria-hidden=\"true\"><i class=\"fa-fusion-box active-icon awb-icon-minus\" aria-hidden=\"true\"><\/i><i class=\"fa-fusion-box inactive-icon awb-icon-plus\" aria-hidden=\"true\"><\/i><\/span><span class=\"fusion-toggle-heading\">Pourquoi avons-nous besoin de EcoHub Processus ?<\/span><\/a><\/h4><\/div><div id=\"45419007f46cdb352\" class=\"panel-collapse collapse \" aria-labelledby=\"toggle_45419007f46cdb352\"><div class=\"panel-body toggle-content fusion-clearfix\">\n<p>EcoHub Processus est un pas vers l&rsquo;avenir digital pour les brokers avec un logiciel broker non-compatible ou sans traitement des donn\u00e9es; ou pour les assureurs sans raccordement DXP respectivement sans raccordement backend. Gr\u00e2ce au traitement \u00e9lectronique de l&rsquo;\u00e9change des donn\u00e9es les parties concern\u00e9es profitent su soutien des processus et des m\u00eames applications avec les partenaires ce qui entra\u00eene une r\u00e9duction des co\u00fbts et de temps.<\/p>\n<\/div><\/div><\/div><div class=\"fusion-panel panel-default panel-8f84402af2e5148c9 fusion-toggle-has-divider\"><div class=\"panel-heading\"><h4 class=\"panel-title toggle\" id=\"toggle_8f84402af2e5148c9\"><a aria-expanded=\"false\" aria-controls=\"8f84402af2e5148c9\" role=\"button\" data-toggle=\"collapse\" data-parent=\"#accordion-453-1\" data-target=\"#8f84402af2e5148c9\" href=\"#8f84402af2e5148c9\"><span class=\"fusion-toggle-icon-wrapper\" aria-hidden=\"true\"><i class=\"fa-fusion-box active-icon awb-icon-minus\" aria-hidden=\"true\"><\/i><i class=\"fa-fusion-box inactive-icon awb-icon-plus\" aria-hidden=\"true\"><\/i><\/span><span class=\"fusion-toggle-heading\">Qui est derri\u00e8re EcoHub Processus ?<\/span><\/a><\/h4><\/div><div id=\"8f84402af2e5148c9\" class=\"panel-collapse collapse \" aria-labelledby=\"toggle_8f84402af2e5148c9\"><div class=\"panel-body toggle-content fusion-clearfix\">\n<p>EcoHub Processus est une plate-forme de processus d&rsquo;IG B2B for Insurers and Brokers. La plate-forme de processus EcoHub Processus est mise gratuitement \u00e0 disposition de tous les membres d&rsquo;IG B2B (brokers, assureurs, fabricants de logiciels).<\/p>\n<\/div><\/div><\/div><div class=\"fusion-panel panel-default panel-76d1e94761f358e4c fusion-toggle-has-divider\"><div class=\"panel-heading\"><h4 class=\"panel-title toggle\" id=\"toggle_76d1e94761f358e4c\"><a aria-expanded=\"false\" aria-controls=\"76d1e94761f358e4c\" role=\"button\" data-toggle=\"collapse\" data-parent=\"#accordion-453-1\" data-target=\"#76d1e94761f358e4c\" href=\"#76d1e94761f358e4c\"><span class=\"fusion-toggle-icon-wrapper\" aria-hidden=\"true\"><i class=\"fa-fusion-box active-icon awb-icon-minus\" aria-hidden=\"true\"><\/i><i class=\"fa-fusion-box inactive-icon awb-icon-plus\" aria-hidden=\"true\"><\/i><\/span><span class=\"fusion-toggle-heading\">Outils \/ Tutoriels<\/span><\/a><\/h4><\/div><div id=\"76d1e94761f358e4c\" class=\"panel-collapse collapse \" aria-labelledby=\"toggle_76d1e94761f358e4c\"><div class=\"panel-body toggle-content fusion-clearfix\">\n<p>Vous trouverez des tutoriels relatifs aux diff\u00e9rents services, apr\u00e8s vous \u00eatre connect\u00e9, sur le site d&rsquo;<a href=\"https:\/\/www.myecohub.ch\/portal\/fr\/tutorial\"><strong>EcoHub<\/strong><\/a>.<\/p>\n<h1><\/h1>\n<p>Pour toute question, veuillez contacter le bureau d&rsquo;IG B2B :<\/p>\n<h1><\/h1>\n<p>E-Mail: <a href=\"mailto:info@igb2b.ch\">info@igb2b.ch<\/a><\/p>\n<p>Tel: +41 44 296 59 59<\/p>\n<\/div><\/div><\/div><\/div><\/div><div class=\"fusion-clearfix\"><\/div><\/div><\/div><\/div><\/div>\n","protected":false},"excerpt":{"rendered":"","protected":false},"author":6481,"featured_media":0,"parent":1335,"menu_order":0,"comment_status":"closed","ping_status":"closed","template":"","meta":{"footnotes":""},"class_list":["post-453","page","type-page","status-publish","hentry","floatton-article"],"aioseo_notices":[],"_links":{"self":[{"href":"https:\/\/www.igb2b.ch\/fr\/wp-json\/wp\/v2\/pages\/453","targetHints":{"allow":["GET"]}}],"collection":[{"href":"https:\/\/www.igb2b.ch\/fr\/wp-json\/wp\/v2\/pages"}],"about":[{"href":"https:\/\/www.igb2b.ch\/fr\/wp-json\/wp\/v2\/types\/page"}],"author":[{"embeddable":true,"href":"https:\/\/www.igb2b.ch\/fr\/wp-json\/wp\/v2\/users\/6481"}],"replies":[{"embeddable":true,"href":"https:\/\/www.igb2b.ch\/fr\/wp-json\/wp\/v2\/comments?post=453"}],"version-history":[{"count":0,"href":"https:\/\/www.igb2b.ch\/fr\/wp-json\/wp\/v2\/pages\/453\/revisions"}],"up":[{"embeddable":true,"href":"https:\/\/www.igb2b.ch\/fr\/wp-json\/wp\/v2\/pages\/1335"}],"wp:attachment":[{"href":"https:\/\/www.igb2b.ch\/fr\/wp-json\/wp\/v2\/media?parent=453"}],"curies":[{"name":"wp","href":"https:\/\/api.w.org\/{rel}","templated":true}]}}