{"id":441,"date":"2017-03-28T21:00:30","date_gmt":"2017-03-28T19:00:30","guid":{"rendered":"http:\/\/www.igb2b.ch\/?page_id=441"},"modified":"2018-05-03T20:19:48","modified_gmt":"2018-05-03T18:19:48","slug":"brokergate","status":"publish","type":"page","link":"https:\/\/www.igb2b.ch\/fr\/service\/brokergate\/","title":{"rendered":"BrokerGate"},"content":{"rendered":"<div class=\"fusion-fullwidth fullwidth-box fusion-builder-row-1 nonhundred-percent-fullwidth non-hundred-percent-height-scrolling\" style=\"--awb-border-radius-top-left:0px;--awb-border-radius-top-right:0px;--awb-border-radius-bottom-right:0px;--awb-border-radius-bottom-left:0px;--awb-flex-wrap:wrap;\" ><div class=\"fusion-builder-row fusion-row\"><div class=\"fusion-layout-column fusion_builder_column fusion-builder-column-0 fusion_builder_column_1_1 1_1 fusion-one-full fusion-column-first fusion-column-last\" style=\"--awb-bg-size:cover;\"><div class=\"fusion-column-wrapper fusion-flex-column-wrapper-legacy\"><div class=\"fusion-image-element fusion-image-align-center in-legacy-container\" style=\"text-align:center;--awb-caption-title-font-family:var(--h2_typography-font-family);--awb-caption-title-font-weight:var(--h2_typography-font-weight);--awb-caption-title-font-style:var(--h2_typography-font-style);--awb-caption-title-size:var(--h2_typography-font-size);--awb-caption-title-transform:var(--h2_typography-text-transform);--awb-caption-title-line-height:var(--h2_typography-line-height);--awb-caption-title-letter-spacing:var(--h2_typography-letter-spacing);\"><div class=\"imageframe-align-center\"><span class=\" fusion-imageframe imageframe-none imageframe-1 hover-type-none\"><img decoding=\"async\" width=\"1400\" height=\"400\" title=\"4\" src=\"http:\/\/www.igb2b.ch\/wp-content\/uploads\/2017\/10\/4.jpg\" alt class=\"img-responsive wp-image-5157\" srcset=\"https:\/\/www.igb2b.ch\/wp-content\/uploads\/2017\/10\/4-200x57.jpg 200w, https:\/\/www.igb2b.ch\/wp-content\/uploads\/2017\/10\/4-400x114.jpg 400w, https:\/\/www.igb2b.ch\/wp-content\/uploads\/2017\/10\/4-600x171.jpg 600w, https:\/\/www.igb2b.ch\/wp-content\/uploads\/2017\/10\/4-800x229.jpg 800w, https:\/\/www.igb2b.ch\/wp-content\/uploads\/2017\/10\/4-1200x343.jpg 1200w, https:\/\/www.igb2b.ch\/wp-content\/uploads\/2017\/10\/4.jpg 1400w\" sizes=\"(max-width: 800px) 100vw, 1400px\" \/><\/span><\/div><\/div><div class=\"fusion-clearfix\"><\/div><\/div><\/div><div class=\"fusion-layout-column fusion_builder_column fusion-builder-column-1 fusion_builder_column_1_1 1_1 fusion-one-full fusion-column-first fusion-column-last\" style=\"--awb-bg-size:cover;--awb-margin-bottom:0px;\"><div class=\"fusion-column-wrapper fusion-flex-column-wrapper-legacy\"><div class=\"fusion-text fusion-text-1\"><p><img decoding=\"async\" class=\"size-medium wp-image-541 alignnone aligncenter\" src=\"http:\/\/www.igb2b.ch\/wp-content\/uploads\/2017\/03\/brokergate-logo-300x101.jpg\" alt=\"\" width=\"300\" height=\"101\" \/><\/p>\n<p style=\"text-align: left;\">Gr\u00e2ce au BrokerGate les brokers peuvent acc\u00e9der avec un login unique aux portails brokers des assureurs raccord\u00e9s. La gestion des diff\u00e9rentes donn\u00e9es d\u2019acc\u00e8s au portails brokers est supprim\u00e9e, ce qui r\u00e9duit consid\u00e9rablement la charge administrative.<\/p>\n<p style=\"text-align: left;\">Pour les assureurs, le BrokerGate entra\u00eene des \u00e9conomies de frais relatifs aux acc\u00e8s, \u00e0 la gestion et au support du propre portail broker, ce qui am\u00e8ne une plus grande efficience. De plus la pr\u00e9sence sur le BrokerGate favorise les acc\u00e8s au propre portail broker.<\/p>\n<\/div><div class=\"fusion-video fusion-youtube fusion-aligncenter\" style=\"--awb-max-width:600px;--awb-max-height:360px;--awb-width:100%;\"><div class=\"video-shortcode\"><div class=\"fluid-width-video-wrapper\" style=\"padding-top:60%;\" ><iframe title=\"YouTube video player 1\" src=\"https:\/\/www.youtube.com\/embed\/ub3u2rsT-CI?wmode=transparent&autoplay=0\" width=\"600\" height=\"360\" allowfullscreen allow=\"autoplay; clipboard-write; encrypted-media; gyroscope; picture-in-picture;\"><\/iframe><\/div><\/div><\/div><div class=\"fusion-clearfix\"><\/div><\/div><\/div><\/div><\/div>\n","protected":false},"excerpt":{"rendered":"","protected":false},"author":6481,"featured_media":0,"parent":1335,"menu_order":0,"comment_status":"closed","ping_status":"closed","template":"","meta":{"footnotes":""},"class_list":["post-441","page","type-page","status-publish","hentry","floatton-article"],"aioseo_notices":[],"_links":{"self":[{"href":"https:\/\/www.igb2b.ch\/fr\/wp-json\/wp\/v2\/pages\/441","targetHints":{"allow":["GET"]}}],"collection":[{"href":"https:\/\/www.igb2b.ch\/fr\/wp-json\/wp\/v2\/pages"}],"about":[{"href":"https:\/\/www.igb2b.ch\/fr\/wp-json\/wp\/v2\/types\/page"}],"author":[{"embeddable":true,"href":"https:\/\/www.igb2b.ch\/fr\/wp-json\/wp\/v2\/users\/6481"}],"replies":[{"embeddable":true,"href":"https:\/\/www.igb2b.ch\/fr\/wp-json\/wp\/v2\/comments?post=441"}],"version-history":[{"count":0,"href":"https:\/\/www.igb2b.ch\/fr\/wp-json\/wp\/v2\/pages\/441\/revisions"}],"up":[{"embeddable":true,"href":"https:\/\/www.igb2b.ch\/fr\/wp-json\/wp\/v2\/pages\/1335"}],"wp:attachment":[{"href":"https:\/\/www.igb2b.ch\/fr\/wp-json\/wp\/v2\/media?parent=441"}],"curies":[{"name":"wp","href":"https:\/\/api.w.org\/{rel}","templated":true}]}}