{"id":429,"date":"2017-03-28T20:59:32","date_gmt":"2017-03-28T18:59:32","guid":{"rendered":"http:\/\/www.igb2b.ch\/?page_id=429"},"modified":"2025-02-06T14:50:45","modified_gmt":"2025-02-06T13:50:45","slug":"affiliation","status":"publish","type":"page","link":"https:\/\/www.igb2b.ch\/fr\/devenir-membre\/affiliation\/","title":{"rendered":"Les avantages d\u2019une affiliation"},"content":{"rendered":"<div class=\"fusion-fullwidth fullwidth-box fusion-builder-row-1 nonhundred-percent-fullwidth non-hundred-percent-height-scrolling\" style=\"--awb-border-radius-top-left:0px;--awb-border-radius-top-right:0px;--awb-border-radius-bottom-right:0px;--awb-border-radius-bottom-left:0px;--awb-flex-wrap:wrap;\" ><div class=\"fusion-builder-row fusion-row\"><div class=\"fusion-layout-column fusion_builder_column fusion-builder-column-0 fusion_builder_column_1_1 1_1 fusion-one-full fusion-column-first fusion-column-last\" style=\"--awb-bg-size:cover;--awb-margin-bottom:0px;\"><div class=\"fusion-column-wrapper fusion-flex-column-wrapper-legacy\"><div class=\"fusion-text fusion-text-1\"><p><strong><span style=\"font-size: 24pt;\">Une adh\u00e9sion adapt\u00e9e \u00e0 chacun<\/span><\/strong><\/p>\n<h2 class=\"fusion-responsive-typography-calculated\" style=\"--fontsize: 20; line-height: 1.5; --minfontsize: 20;\" data-fontsize=\"20\" data-lineheight=\"30px\"><strong><span style=\"font-size: 18pt;\">Conditions \u00e0 remplir pour devenir membre<\/span><\/strong><\/h2>\n<ul>\n<li>Prestataires de solutions d\u2019assurance et de pr\u00e9voyance* : Assureurs, autorisation officielle de la <a href=\"https:\/\/www.finma.ch\/fr\/finma-public\/etablissements-personnes-et-produits-autorises\/\" target=\"_blank\" rel=\"noopener\">FINMA en tant qu\u2019entreprise d&rsquo;assurance<\/a><\/li>\n<li>Broker* : Officiellement autoris\u00e9 par la <a href=\"https:\/\/www.finma.ch\/fr\/autorisation\/intermediaires-d-assurance\/vermittlerportal\/suche\/\" target=\"_blank\" rel=\"noopener\">FINMA en tant qu&rsquo;interm\u00e9diaire d&rsquo;assurance<\/a>, Pour les brokers qui ne sont pas soumis \u00e0 l\u2019obligation d\u2019inscription \u00e0 la FINMA un num\u00e9ro IGB2B leur est attribu\u00e9<\/li>\n<li>Fournisseur de services : autorisation officielle d&rsquo;IG B2B<\/li>\n<\/ul>\n<p>*L&rsquo;adh\u00e9sion ne peut pas inclure des structures de type holding ou groupe. Seul le num\u00e9ro FINMA ou IG B2B est d\u00e9terminant pour l&rsquo;adh\u00e9sion.<\/p>\n<h2 class=\"fusion-responsive-typography-calculated\" style=\"--fontsize: 20; line-height: 1.5; --minfontsize: 20;\" data-fontsize=\"20\" data-lineheight=\"30px\"><strong><span style=\"font-size: 18pt;\">Les avantages d\u2019une affiliation<\/span><\/strong><\/h2>\n<h3 class=\"fusion-responsive-typography-calculated\" style=\"--fontsize: 18; line-height: 1.5; --minfontsize: 18;\" data-fontsize=\"18\" data-lineheight=\"27px\"><strong>Pour les brokers<\/strong><\/h3>\n<ul>\n<li>Acc\u00e8s \u00e0 des solutions simples et fiables pour la digitalisation de vos processus dans le cadre de l\u2019entreprise<\/li>\n<li>Acc\u00e8s aux portails broker des assureurs raccord\u00e9s avec un login unique sur EcoHub<\/li>\n<li>La simplification et l\u2019acc\u00e9l\u00e9ration de vos processus gr\u00e2ce \u00e0 des standards IG B2B<\/li>\n<li>Acc\u00e8s \u00e0 la plate-forme de EcoHub Processus.<\/li>\n<\/ul>\n<h3 class=\"fusion-responsive-typography-calculated\" style=\"--fontsize: 18; line-height: 1.5; --minfontsize: 18;\" data-fontsize=\"18\" data-lineheight=\"27px\"><strong>Pour les assureurs<\/strong><\/h3>\n<ul>\n<li>La possibilit\u00e9 de raccorder son propre portail broker \u00e0 EcoHub et d\u2019augmenter ainsi la visibilit\u00e9 sur le march\u00e9 des affaires brokers<\/li>\n<li>Dispositions l\u00e9gales et r\u00e9glementaires fiables correspondant \u00e0 la digitalisation du trafic des affaires dans le march\u00e9 des affaires brokers<\/li>\n<li>Une qualit\u00e9 des processus \u00e9lev\u00e9e et une marge d\u2019erreurs basse gr\u00e2ce \u00e0 la gestion centrale des logins d\u2019acc\u00e8s \u00e0 votre portail par IG B2B<\/li>\n<li>Une participation directe \u00e0 l\u2019avenir digital sur le march\u00e9 des affaires brokers<\/li>\n<li>Acc\u00e8s \u00e0 la plate-forme de EcoHub Processus<\/li>\n<li>Droit de vote \u00e0 l\u2019assembl\u00e9e des membres<\/li>\n<li>Acc\u00e8s aux forums strat\u00e9giques ainsi qu\u2019aux groupes de projet, de mise en \u0153uvre et aux groupes techniques.<\/li>\n<\/ul>\n<h3 class=\"fusion-responsive-typography-calculated\" style=\"--fontsize: 18; line-height: 1.5; --minfontsize: 18;\" data-fontsize=\"18\" data-lineheight=\"27px\"><strong>Pour les fournisseurs de services<\/strong><\/h3>\n<ul>\n<li>L\u2019utilisation des standards de branches IG B2B dans le cadre des solutions de votre logiciel donne confiance aux clients et assure une grande s\u00e9curit\u00e9 des donn\u00e9es<\/li>\n<li>Augmentation de la visibilit\u00e9 avec plus de 1&rsquo;000 brokers<\/li>\n<li>Des charges de d\u00e9veloppement r\u00e9duites et un risque moindre du fait de l\u2019introduction de solutions test\u00e9es ensemble<\/li>\n<li>Une participation directe \u00e0 l\u2019avenir digital sur le march\u00e9 des affaires brokers.<\/li>\n<\/ul>\n<h2 class=\"fusion-responsive-typography-calculated\" style=\"--fontsize: 20; line-height: 1.5; --minfontsize: 20;\" data-fontsize=\"20\" data-lineheight=\"30px\"><strong><span style=\"font-size: 18pt;\">Les formes d\u2019affiliation<\/span><\/strong><\/h2>\n<p>Afin de prendre en compte les besoins des diff\u00e9rents groupes d\u2019int\u00e9r\u00eat, IG B2B deux formes d\u2019affiliation :<\/p>\n<ul>\n<li>Affiliation \u00e0 part enti\u00e8re<\/li>\n<li>Affiliation partielle<\/li>\n<\/ul>\n<p>Vous trouverez de plus amples informations dans notre <a href=\"https:\/\/www.igb2b.ch\/wp-content\/uploads\/2024\/12\/Reglement-des-cotisations.pdf\" target=\"_blank\" rel=\"noopener\">r\u00e8glement des cotisations<\/a>.<\/p>\n<p>Avec une affiliation \u00e0 IG B2B vous \u00eates \u00e9quip\u00e9 pour l\u2019avenir digital.<\/p>\n<p>Si vous h\u00e9sitez lors de la d\u00e9termination de la bonne affiliation ou si vous avez des questions n\u2019h\u00e9sitez pas \u00e0 nous <a href=\"https:\/\/www.igb2b.ch\/fr\/contact\/\" target=\"_blank\" rel=\"noopener\">contacter <\/a><\/p>\n<\/div><div class=\"fusion-clearfix\"><\/div><\/div><\/div><div class=\"fusion-layout-column fusion_builder_column fusion-builder-column-1 fusion_builder_column_1_1 1_1 fusion-one-full fusion-column-first fusion-column-last\" style=\"--awb-bg-size:cover;\"><div class=\"fusion-column-wrapper fusion-flex-column-wrapper-legacy\"><div class=\"fusion-sep-clear\"><\/div><div class=\"fusion-separator fusion-full-width-sep\" style=\"margin-left: auto;margin-right: auto;margin-top:15px;width:100%;max-width:100%;\"><div class=\"fusion-separator-border sep-single sep-solid\" style=\"--awb-height:20px;--awb-amount:20px;--awb-sep-color:#333333;border-color:#333333;border-top-width:1px;\"><\/div><\/div><div class=\"fusion-sep-clear\"><\/div><div class=\"fusion-menu-anchor\" id=\"Mitglied_fr\"><\/div><div class=\"fusion-title title fusion-title-1 fusion-sep-none fusion-title-center fusion-title-text fusion-title-size-two\"><h2 class=\"fusion-title-heading title-heading-center\" style=\"margin:0;\"><span style=\"font-size: 36pt;\">Devenir membre<\/span><\/h2><\/div><div class=\"fusion-sep-clear\"><\/div><div class=\"fusion-separator fusion-full-width-sep\" style=\"margin-left: auto;margin-right: auto;margin-top:15px;width:100%;\"><\/div><div class=\"fusion-sep-clear\"><\/div><div class=\"fusion-content-boxes content-boxes columns row fusion-columns-3 fusion-columns-total-3 fusion-content-boxes-1 content-boxes-icon-boxed content-left\" style=\"--awb-backgroundcolor:#fafafa;--awb-iconcolor:#ff0000;--awb-hover-accent-color:rgba(255,0,0,0.5);--awb-circle-hover-accent-color:rgba(255,0,0,0.5);\" data-animationOffset=\"top-into-view\"><div style=\"--awb-backgroundcolor:#fafafa;--awb-iconcolor:#ff0000;\" class=\"fusion-column content-box-column content-box-column content-box-column-1 col-lg-4 col-md-4 col-sm-4 fusion-content-box-hover content-box-column-first-in-row\"><div class=\"col content-box-wrapper content-wrapper-background content-wrapper-boxed link-area-box link-type-text content-icon-wrapper-yes icon-wrapper-hover-animation-pulsate\" data-link=\"https:\/\/www.myecohub.ch\/portal\/fr\/public\/membership-applications\/create\" data-link-target=\"_blank\" data-animationOffset=\"top-into-view\"><div class=\"heading heading-with-icon icon-left\"><a class=\"heading-link\" href=\"https:\/\/www.myecohub.ch\/portal\/fr\/public\/membership-applications\/create\" target=\"_blank\" rel=\"noopener noreferrer\"><div class=\"icon\"><span style=\"height:82px;width:82px;line-height:42px;border-color:rgba(255,255,255,0);border-width:2px;border-style:solid;background-color:#ffffff;position:absolute;top:-91px;margin-left:-41px;box-sizing:content-box;border-radius:50%;\"><i style=\"border-color:#ffffff;border-width:1px;background-color:#fafafa;box-sizing:content-box;height:80px;width:80px;line-height:80px;border-radius:50%;position:relative;top:auto;left:auto;margin:0;border-radius:50%;font-size:40px;\" aria-hidden=\"true\" class=\"fontawesome-icon fa-signal fas circle-yes\"><\/i><\/span><\/div><h2 class=\"content-box-heading\" style=\"--h2_typography-font-size:24px;line-height:29px;\">Broker<\/h2><\/a><\/div><div class=\"fusion-clearfix\"><\/div><a class=\" fusion-read-more\" href=\"https:\/\/www.myecohub.ch\/portal\/fr\/public\/membership-applications\/create\" target=\"_blank\" rel=\"noopener noreferrer\">S\u2019enregistrer en tant que broker<\/a><div class=\"fusion-clearfix\"><\/div><\/div><\/div><div style=\"--awb-backgroundcolor:#fafafa;--awb-iconcolor:#ff0000;\" class=\"fusion-column content-box-column content-box-column content-box-column-2 col-lg-4 col-md-4 col-sm-4 fusion-content-box-hover \"><div class=\"col content-box-wrapper content-wrapper-background content-wrapper-boxed link-area-box link-type-text content-icon-wrapper-yes icon-wrapper-hover-animation-pulsate\" data-link=\"https:\/\/www.myecohub.ch\/portal\/fr\/public\/membership-applications\/create\" data-link-target=\"_blank\" data-animationOffset=\"top-into-view\"><div class=\"heading heading-with-icon icon-left\"><a class=\"heading-link\" href=\"https:\/\/www.myecohub.ch\/portal\/fr\/public\/membership-applications\/create\" target=\"_blank\" rel=\"noopener noreferrer\"><div class=\"icon\"><span style=\"height:82px;width:82px;line-height:42px;border-color:rgba(255,255,255,0);border-width:2px;border-style:solid;background-color:#ffffff;position:absolute;top:-91px;margin-left:-41px;box-sizing:content-box;border-radius:50%;\"><i style=\"border-color:#ffffff;border-width:1px;background-color:#fafafa;box-sizing:content-box;height:80px;width:80px;line-height:80px;border-radius:50%;position:relative;top:auto;left:auto;margin:0;border-radius:50%;font-size:40px;\" aria-hidden=\"true\" class=\"fontawesome-icon fa-umbrella fas circle-yes\"><\/i><\/span><\/div><h2 class=\"content-box-heading\" style=\"--h2_typography-font-size:24px;line-height:29px;\">Assureur<\/h2><\/a><\/div><div class=\"fusion-clearfix\"><\/div><a class=\" fusion-read-more\" href=\"https:\/\/www.myecohub.ch\/portal\/fr\/public\/membership-applications\/create\" target=\"_blank\" rel=\"noopener noreferrer\">S\u2019enregistrer en tant qu\u2019assureur<\/a><div class=\"fusion-clearfix\"><\/div><\/div><\/div><div style=\"--awb-backgroundcolor:#fafafa;--awb-iconcolor:#ff0000;\" class=\"fusion-column content-box-column content-box-column content-box-column-3 col-lg-4 col-md-4 col-sm-4 fusion-content-box-hover content-box-column-last content-box-column-last-in-row\"><div class=\"col content-box-wrapper content-wrapper-background content-wrapper-boxed link-area-box link-type-text content-icon-wrapper-yes icon-wrapper-hover-animation-pulsate\" data-link=\"https:\/\/www.myecohub.ch\/portal\/fr\/public\/membership-applications\/create\" data-link-target=\"_blank\" data-animationOffset=\"top-into-view\"><div class=\"heading heading-with-icon icon-left\"><a class=\"heading-link\" href=\"https:\/\/www.myecohub.ch\/portal\/fr\/public\/membership-applications\/create\" target=\"_blank\" rel=\"noopener noreferrer\"><div class=\"icon\"><span style=\"height:82px;width:82px;line-height:42px;border-color:rgba(255,255,255,0);border-width:2px;border-style:solid;background-color:#ffffff;position:absolute;top:-91px;margin-left:-41px;box-sizing:content-box;border-radius:50%;\"><i style=\"border-color:#ffffff;border-width:1px;background-color:#fafafa;box-sizing:content-box;height:80px;width:80px;line-height:80px;border-radius:50%;position:relative;top:auto;left:auto;margin:0;border-radius:50%;font-size:40px;\" aria-hidden=\"true\" class=\"fontawesome-icon fa-cogs fas circle-yes\"><\/i><\/span><\/div><h2 class=\"content-box-heading\" style=\"--h2_typography-font-size:24px;line-height:29px;\">Fournisseurs de services<\/h2><\/a><\/div><div class=\"fusion-clearfix\"><\/div><a class=\" fusion-read-more\" href=\"https:\/\/www.myecohub.ch\/portal\/fr\/public\/membership-applications\/create\" target=\"_blank\" rel=\"noopener noreferrer\">S\u2019enregistrer en tant que fournisseurs de services<\/a><div class=\"fusion-clearfix\"><\/div><\/div><\/div><div class=\"fusion-clearfix\"><\/div><\/div><div class=\"fusion-sep-clear\"><\/div><div class=\"fusion-separator fusion-full-width-sep\" style=\"margin-left: auto;margin-right: auto;margin-top:15px;width:100%;\"><\/div><div class=\"fusion-sep-clear\"><\/div><div class=\"fusion-clearfix\"><\/div><\/div><\/div><\/div><\/div>\n","protected":false},"excerpt":{"rendered":"","protected":false},"author":6481,"featured_media":0,"parent":1653,"menu_order":0,"comment_status":"closed","ping_status":"closed","template":"","meta":{"footnotes":""},"class_list":["post-429","page","type-page","status-publish","hentry","floatton-article"],"aioseo_notices":[],"_links":{"self":[{"href":"https:\/\/www.igb2b.ch\/fr\/wp-json\/wp\/v2\/pages\/429","targetHints":{"allow":["GET"]}}],"collection":[{"href":"https:\/\/www.igb2b.ch\/fr\/wp-json\/wp\/v2\/pages"}],"about":[{"href":"https:\/\/www.igb2b.ch\/fr\/wp-json\/wp\/v2\/types\/page"}],"author":[{"embeddable":true,"href":"https:\/\/www.igb2b.ch\/fr\/wp-json\/wp\/v2\/users\/6481"}],"replies":[{"embeddable":true,"href":"https:\/\/www.igb2b.ch\/fr\/wp-json\/wp\/v2\/comments?post=429"}],"version-history":[{"count":0,"href":"https:\/\/www.igb2b.ch\/fr\/wp-json\/wp\/v2\/pages\/429\/revisions"}],"up":[{"embeddable":true,"href":"https:\/\/www.igb2b.ch\/fr\/wp-json\/wp\/v2\/pages\/1653"}],"wp:attachment":[{"href":"https:\/\/www.igb2b.ch\/fr\/wp-json\/wp\/v2\/media?parent=429"}],"curies":[{"name":"wp","href":"https:\/\/api.w.org\/{rel}","templated":true}]}}