{"id":423,"date":"2017-03-28T20:59:05","date_gmt":"2017-03-28T18:59:05","guid":{"rendered":"http:\/\/www.igb2b.ch\/?page_id=423"},"modified":"2017-06-07T10:42:15","modified_gmt":"2017-06-07T08:42:15","slug":"service-administratif","status":"publish","type":"page","link":"https:\/\/www.igb2b.ch\/fr\/a-notre-propos\/service-administratif\/","title":{"rendered":"Service administratif"},"content":{"rendered":"<h1>Service administratif<\/h1>\n<p><img decoding=\"async\" class=\"alignnone wp-image-2048\" src=\"http:\/\/www.igb2b.ch\/wp-content\/uploads\/2017\/03\/Gesch\u00e4ftsstelle-300x160.jpg\" alt=\"\" width=\"548\" height=\"292\" \/><br \/>\nderri\u00e8re de gauche \u00e0 droite: Brigitte Weber, Meinrad von Reding, Katia Jakob<\/p>\n<h3>L&rsquo;\u00e9quipe du service administratif<\/h3>\n<p>Meinrad von Reding, g\u00e9rant<\/p>\n<p>Katia Jakob, g\u00e9rante adjointe (ma\/je\/ve)<\/p>\n<p>Brigitte Weber, assistante (lu\/ma\/me)<\/p>\n<h3>Nos heures d&rsquo;ouverture:<\/h3>\n<p>du lundi au jeudi de 08h15 \u00e0 12h00 et de 13h30 \u00e0 17h00<br \/>\nle vendredi de 08h15 \u00e0 12h00 et de 13h30 \u00e0 16h00<\/p>\n<h3>Adresse:<\/h3>\n<p><a href=\"https:\/\/goo.gl\/maps\/EqnFN9MMhXq\">Stauffacherstrasse 28, 8004 Zurich<\/a><\/p>\n<h3>Arr\u00eat de tram le plus proche:<\/h3>\n<p>Stauffacher<br \/>\n<a href=\"http:\/\/www.igb2b.ch\/fr\/contact\/\">Contactez-nous<\/a><\/p>\n","protected":false},"excerpt":{"rendered":"<p>Service administratif derri\u00e8re de gauche \u00e0 droite: Brigitte Weber, Meinrad von Reding, Katia Jakob L&rsquo;\u00e9quipe du service administratif Meinrad von Reding, g\u00e9rant Katia Jakob, g\u00e9rante adjointe (ma\/je\/ve) Brigitte Weber, assistante (lu\/ma\/me) Nos heures d&rsquo;ouverture: du lundi au jeudi de 08h15 \u00e0 12h00 et de 13h30 \u00e0 17h00 le vendredi de 08h15 \u00e0 12h00 et de <a href=\"https:\/\/www.igb2b.ch\/fr\/a-notre-propos\/service-administratif\/\"> [&#8230;]<\/a><\/p>\n","protected":false},"author":6481,"featured_media":0,"parent":1321,"menu_order":0,"comment_status":"closed","ping_status":"closed","template":"","meta":{"footnotes":""},"class_list":["post-423","page","type-page","status-publish","hentry","floatton-article"],"aioseo_notices":[],"_links":{"self":[{"href":"https:\/\/www.igb2b.ch\/fr\/wp-json\/wp\/v2\/pages\/423","targetHints":{"allow":["GET"]}}],"collection":[{"href":"https:\/\/www.igb2b.ch\/fr\/wp-json\/wp\/v2\/pages"}],"about":[{"href":"https:\/\/www.igb2b.ch\/fr\/wp-json\/wp\/v2\/types\/page"}],"author":[{"embeddable":true,"href":"https:\/\/www.igb2b.ch\/fr\/wp-json\/wp\/v2\/users\/6481"}],"replies":[{"embeddable":true,"href":"https:\/\/www.igb2b.ch\/fr\/wp-json\/wp\/v2\/comments?post=423"}],"version-history":[{"count":0,"href":"https:\/\/www.igb2b.ch\/fr\/wp-json\/wp\/v2\/pages\/423\/revisions"}],"up":[{"embeddable":true,"href":"https:\/\/www.igb2b.ch\/fr\/wp-json\/wp\/v2\/pages\/1321"}],"wp:attachment":[{"href":"https:\/\/www.igb2b.ch\/fr\/wp-json\/wp\/v2\/media?parent=423"}],"curies":[{"name":"wp","href":"https:\/\/api.w.org\/{rel}","templated":true}]}}