{"id":12704,"date":"2026-04-10T09:48:47","date_gmt":"2026-04-10T07:48:47","guid":{"rendered":"https:\/\/www.igb2b.ch\/?page_id=12704"},"modified":"2026-04-10T16:05:47","modified_gmt":"2026-04-10T14:05:47","slug":"charte","status":"publish","type":"page","link":"https:\/\/www.igb2b.ch\/fr\/charte\/","title":{"rendered":"Charte"},"content":{"rendered":"<h1 style=\"text-align: center;\"><span style=\"font-size: 36pt;\">Charte<\/span><\/h1>\n<div style=\"text-align: center;\">La Charte d\u00e9finit les principes fondamentaux de l\u2019EcoHub, auxquels tous les utilisateurs doivent se conformer. Elle pr\u00e9vaut sur les r\u00e8glements et les contrats et contient des r\u00e8gles obligatoires pour tous. Les r\u00e8gles de la Charte constituent la base de l\u2019EcoHub et ne peuvent ni \u00eatre modifi\u00e9es ni viol\u00e9es.<\/div>\n<div style=\"text-align: center;\"><\/div>\n<div style=\"text-align: center;\"><a href=\"https:\/\/www.igb2b.ch\/wp-content\/uploads\/2026\/04\/Charta_IG-B2B_EcoHub_2026_FR_def.pdf\">Charte<\/a><\/div>\n<div><\/div>\n","protected":false},"excerpt":{"rendered":"<p>Charte La Charte d\u00e9finit les principes fondamentaux de l\u2019EcoHub, auxquels tous les utilisateurs doivent se conformer. Elle pr\u00e9vaut sur les r\u00e8glements et les contrats et contient des r\u00e8gles obligatoires pour tous. Les r\u00e8gles de la Charte constituent la base de l\u2019EcoHub et ne peuvent ni \u00eatre modifi\u00e9es ni viol\u00e9es. Charte<\/p>\n","protected":false},"author":6484,"featured_media":0,"parent":0,"menu_order":0,"comment_status":"closed","ping_status":"closed","template":"","meta":{"footnotes":""},"class_list":["post-12704","page","type-page","status-publish","hentry","floatton-article"],"aioseo_notices":[],"_links":{"self":[{"href":"https:\/\/www.igb2b.ch\/fr\/wp-json\/wp\/v2\/pages\/12704","targetHints":{"allow":["GET"]}}],"collection":[{"href":"https:\/\/www.igb2b.ch\/fr\/wp-json\/wp\/v2\/pages"}],"about":[{"href":"https:\/\/www.igb2b.ch\/fr\/wp-json\/wp\/v2\/types\/page"}],"author":[{"embeddable":true,"href":"https:\/\/www.igb2b.ch\/fr\/wp-json\/wp\/v2\/users\/6484"}],"replies":[{"embeddable":true,"href":"https:\/\/www.igb2b.ch\/fr\/wp-json\/wp\/v2\/comments?post=12704"}],"version-history":[{"count":2,"href":"https:\/\/www.igb2b.ch\/fr\/wp-json\/wp\/v2\/pages\/12704\/revisions"}],"predecessor-version":[{"id":12716,"href":"https:\/\/www.igb2b.ch\/fr\/wp-json\/wp\/v2\/pages\/12704\/revisions\/12716"}],"wp:attachment":[{"href":"https:\/\/www.igb2b.ch\/fr\/wp-json\/wp\/v2\/media?parent=12704"}],"curies":[{"name":"wp","href":"https:\/\/api.w.org\/{rel}","templated":true}]}}